{"id":8230,"date":"2021-01-21T13:20:47","date_gmt":"2021-01-21T13:20:47","guid":{"rendered":"https:\/\/isf.fo\/?page_id=8230"},"modified":"2021-01-21T13:40:38","modified_gmt":"2021-01-21T13:40:38","slug":"solvi-reinert-hansen","status":"publish","type":"page","link":"https:\/\/isf.fo\/en\/itrotturin-eg\/solvi-reinert-hansen\/","title":{"rendered":"S\u00f8lvi Reinert Hansen"},"content":{"rendered":"<p><img decoding=\"async\" class=\"alignnone size-medium wp-image-8159 lazyload\" data-src=\"https:\/\/d21ockg4ri0hhk.cloudfront.net\/wp-content\/uploads\/2021\/01\/30192656\/solvi-profil3-300x265.jpg\" alt=\"\" width=\"300\" height=\"265\" data-srcset=\"https:\/\/d21ockg4ri0hhk.cloudfront.net\/wp-content\/uploads\/2021\/01\/30192656\/solvi-profil3-300x265.jpg 300w, https:\/\/d21ockg4ri0hhk.cloudfront.net\/wp-content\/uploads\/2021\/01\/30192656\/solvi-profil3-700x617.jpg 700w, https:\/\/d21ockg4ri0hhk.cloudfront.net\/wp-content\/uploads\/2021\/01\/30192656\/solvi-profil3-768x677.jpg 768w, https:\/\/d21ockg4ri0hhk.cloudfront.net\/wp-content\/uploads\/2021\/01\/30192656\/solvi-profil3-1536x1355.jpg 1536w, https:\/\/d21ockg4ri0hhk.cloudfront.net\/wp-content\/uploads\/2021\/01\/30192656\/solvi-profil3-2048x1806.jpg 2048w, https:\/\/d21ockg4ri0hhk.cloudfront.net\/wp-content\/uploads\/2021\/01\/30192656\/solvi-profil3-24x21.jpg 24w, https:\/\/d21ockg4ri0hhk.cloudfront.net\/wp-content\/uploads\/2021\/01\/30192656\/solvi-profil3-36x32.jpg 36w, https:\/\/d21ockg4ri0hhk.cloudfront.net\/wp-content\/uploads\/2021\/01\/30192656\/solvi-profil3-48x42.jpg 48w\" data-sizes=\"(max-width: 300px) 100vw, 300px\" src=\"data:image\/svg+xml;base64,PHN2ZyB3aWR0aD0iMSIgaGVpZ2h0PSIxIiB4bWxucz0iaHR0cDovL3d3dy53My5vcmcvMjAwMC9zdmciPjwvc3ZnPg==\" style=\"--smush-placeholder-width: 300px; --smush-placeholder-aspect-ratio: 300\/265;\" \/><\/p>\n<p><em>Heimas\u00ed\u00f0an hj\u00e1 \u00cdSF setir f\u00f3lki spurningar um \u00edtr\u00f3tt og r\u00f8rslu. Hesa fer\u00f0 er gesturin S\u00f8lvi Reinert Hansen<\/em><\/p>\n<p>&nbsp;<\/p>\n<ul>\n<li><strong>Navn:<\/strong> S\u00f8lvi Reinert Hansen<\/li>\n<li><strong>Aldur:<\/strong> 50 \u00e1r<\/li>\n<li><strong>Familjust\u00f8\u00f0a:<\/strong> Giftur vi\u00f0 Biritu Hansen. Saman eiga vit sonin Betuel 23 \u00e1r, sum saman vi\u00f0 unnustuni Anitu seinasta \u00e1r gav okkum abba- og ommud\u00f3ttrina J\u00f3nu S\u00f3l.<\/li>\n<li><strong>\u00datb\u00fagving\/Starv:<\/strong> Havi lisi\u00f0 samt\u00ed\u00f0ars\u00f8gu og nor\u00f0urlendskt m\u00e1l. Starvist sum mentanarlei\u00f0ari hj\u00e1 Runav\u00edkar kommunu<\/li>\n<\/ul>\n<p>&nbsp;<\/p>\n<p><strong>1: Hvussu ofta \u00ed\u00f0kar t\u00fa \u00edtr\u00f3tt um vikuna og hv\u00f8nn \u00edtr\u00f3tt er talan um.<\/strong><\/p>\n<p>Ta\u00f0 er nokkso ymiskt &#8211; kanska einar 3 fer\u00f0ir um vikuna \u00ed mi\u00f0al. M\u00e6r d\u00e1mar grundleggjandi v\u00e6l allan \u00edtr\u00f3tt, sum eg havi roynt. \u00cd l\u00f8tuni \u00ed\u00f0ki eg mest okkurt av hesum: renning, s\u00fakkling, innir\u00f3\u00f0ur, hockey ella golf. M\u00e6r d\u00e1mar eisini v\u00e6l at sp\u00e6la f\u00f3tb\u00f3lt, badminton, tennis og squash.<\/p>\n<p><strong>2: \u00cd\u00f0ka\u00f0i t\u00fa \u00edtr\u00f3tt sum barn?<\/strong><br \/>\nJa, sum heilt l\u00edtil minnist eg serliga sk\u00fala\u00edtr\u00f3ttin. Eg gekk \u00ed Kommunusk\u00falanum fyrstu f\u00fdra \u00e1rini, har minnist eg serliga f\u00f3tb\u00f3lt, hondb\u00f3lt og svimjing (uttandura brrr\u2026) Eg flutti s\u00ed\u00f0ani til Onglands, har vit \u00ed sk\u00falanum \u00ed\u00f0ka\u00f0u fr\u00e6lsan \u00edtr\u00f3tt, f\u00f3tb\u00f3lt, rugby, hockey og cricket. Eg kom \u00e1 sk\u00falali\u00f0ini \u00ed renning og f\u00f3tb\u00f3lti.<\/p>\n<p><strong>3: Hv\u00f8nn t\u00fddning hevur \u00edtr\u00f3ttur fyri teg og familjuna?<\/strong><br \/>\n\u00cdtr\u00f3ttur hevur alt\u00ed\u00f0 havt st\u00f3ran t\u00fddning \u2013 og \u00edtr\u00f3tturin hevur ymsar leiklutir \u00ed l\u00edvinum til ymsar t\u00ed\u00f0ir.<br \/>\nSum kappingar\u00edtr\u00f3tt, havi eg \u00e1 ungum \u00e1rum kappast \u00e1 h\u00f8gum st\u00f8\u00f0i \u00ed r\u00f3\u00f0ri og fr\u00e6lsum \u00edtr\u00f3tti. Vann okkurt FM \u00ed r\u00f3\u00f0ri og umbo\u00f0a\u00f0i F\u00f8royar \u00e1 oyggjaleikum \u00ed fr\u00e6lsum \u00edtr\u00f3tti.<\/p>\n<p>\u00cdtr\u00f3ttur sum moti\u00f3n er alt\u00ed\u00f0 g\u00f3\u00f0ur, og har kann allur \u00edtr\u00f3ttur br\u00fakast. Ta\u00f0 er ikki so farligt, j\u00fast hvat t\u00fa \u00ed\u00f0kar. Ta\u00f0 t\u00fddningarmesta er at gera okkurt, sum t\u00fa heldur vera stuttligt, t\u00ed so er kjansurin st\u00f8rri, at t\u00fa heldur \u00e1 at \u00ed\u00f0ka. So eg havi roynt eina r\u00fagvu av \u00edtr\u00f3ttargreinum, og allar eru stuttligar.<\/p>\n<p>\u00cdtr\u00f3tturin kann eisini vera sj\u00e1lvbo\u00f0i\u00f0 virksemi. Eg var ungd\u00f3msvenjari \u00ed f\u00f3tbolti n\u00f8kur \u00e1r, og eisini havi eg veri\u00f0 ella eri \u00ed nevndum \u00ed \u00edtr\u00f3ttarfel\u00f8gum, \u00ed Fr\u00e6lsum \u00cdtr\u00f3tti F\u00f8roya, \u00ed \u00cdtr\u00f3ttasambandi F\u00f8roya og Altj\u00f3\u00f0a Oyggjaleikanevndini, IIGA.<\/p>\n<p>\u00cdtr\u00f3tturin kann eisini vera reint undirhald. Hesa upplivingina f\u00e1i eg, t\u00e1 eg eri til dyst vi\u00f0 L\u00f8kin #samanstandavitsterk ella \u00e1 T\u00f3rsv\u00f8lli #samanfram\u00e1, ella t\u00e1 t.d. f\u00f3tb\u00f3ltur #HWTL, amerikanskur f\u00f3tb\u00f3ltur #GoHawks, olympisku leikirnir ella s\u00fakkling er \u00ed sj\u00f3nvarpinum.<br \/>\nSonurin hevur luttiki\u00f0 \u00ed flest \u00f8llum \u00edtr\u00f3ttagreinum \u00ed n\u00e6r\u00f8kinum, og fr\u00faan d\u00e1mar v\u00e6l fitness \u00ed ymiskum variantum.<\/p>\n<p><strong>4: Hvat heldur t\u00fa er t\u00fddningarmesta uppg\u00e1van\/avbj\u00f3\u00f0ingin hj\u00e1 f\u00f8roysku \u00edtr\u00f3ttafel\u00f8gunum?<\/strong><br \/>\nT\u00fddningarmesta uppg\u00e1van hj\u00e1 fel\u00f8gunum er \u00e1haldandi at hugsa um menning \u00ed brei\u00f0asta t\u00fddningi og at minnast til at seta vi\u00f0.<\/p>\n<p>Menning av \u00ed\u00f0karunum \u00ed felagnum &#8211; \u00ed \u00f8llum aldursb\u00f3lkum og uttan mun til st\u00f8\u00f0i, so leingi vit hava tey. Menning av felagnum \u00e1 \u00f8llum \u00f8kjum. Byrjast kann vi\u00f0 teimum \u00f8kjum, sum f\u00f3lk \u00ed felagnum kenna til, ella hava hug at arbei\u00f0a vi\u00f0.<br \/>\nOg so er ta\u00f0 ta\u00f0 at minnast til at seta f\u00f3lk vi\u00f0. Mangan fyllir st\u00f8\u00f0an beint n\u00fa n\u00f3gv, og trupult er at finna orkuna at hugsa langsikta\u00f0. Men vit eiga st\u00f8\u00f0ugt at hugsa um framt\u00ed\u00f0ina. Hvar er felagi\u00f0 um 5, 10 ella 15 \u00e1r? Hv\u00f8rji f\u00f3lk eru venjarar hj\u00e1 okkum um 5, 10 ella 15 \u00e1r? Hv\u00f8r mannar nevndina um 5, 10 ella 15 \u00e1r.<\/p>\n<p>Men ta\u00f0 t\u00fddningarmesta fyri eitt bur\u00f0ardygt felag er ivaleyst at geva b\u00f8rnunum og teimum ungu, sum hava s\u00edna dagligu gongd \u00ed felagnum, eina jaliga uppliving. Ta\u00f0 eru hesi, sum gerast venjarar, nevndarlimir, hj\u00e1lparf\u00f3lk og ikki at gloyma sponsorar hj\u00e1 felagnum um n\u00f8kur \u00e1r.<\/p>\n<p style=\"text-align: right;\"><img decoding=\"async\" class=\"size-medium wp-image-8151 alignleft lazyload\" data-src=\"https:\/\/d21ockg4ri0hhk.cloudfront.net\/wp-content\/uploads\/2021\/01\/30192658\/Solvi-renning-239x300.jpg\" alt=\"\" width=\"239\" height=\"300\" data-srcset=\"https:\/\/d21ockg4ri0hhk.cloudfront.net\/wp-content\/uploads\/2021\/01\/30192658\/Solvi-renning-239x300.jpg 239w, https:\/\/d21ockg4ri0hhk.cloudfront.net\/wp-content\/uploads\/2021\/01\/30192658\/Solvi-renning-19x24.jpg 19w, https:\/\/d21ockg4ri0hhk.cloudfront.net\/wp-content\/uploads\/2021\/01\/30192658\/Solvi-renning-29x36.jpg 29w, https:\/\/d21ockg4ri0hhk.cloudfront.net\/wp-content\/uploads\/2021\/01\/30192658\/Solvi-renning-38x48.jpg 38w, https:\/\/d21ockg4ri0hhk.cloudfront.net\/wp-content\/uploads\/2021\/01\/30192658\/Solvi-renning.jpg 482w\" data-sizes=\"(max-width: 239px) 100vw, 239px\" src=\"data:image\/svg+xml;base64,PHN2ZyB3aWR0aD0iMSIgaGVpZ2h0PSIxIiB4bWxucz0iaHR0cDovL3d3dy53My5vcmcvMjAwMC9zdmciPjwvc3ZnPg==\" style=\"--smush-placeholder-width: 239px; --smush-placeholder-aspect-ratio: 239\/300;\" \/><\/p>\n<p>&nbsp;<\/p>\n<p>&nbsp;<\/p>\n<p>&nbsp;<\/p>\n<p>&nbsp;<\/p>\n<p>&nbsp;<\/p>\n<p>&nbsp;<\/p>\n<p style=\"text-align: center;\">\u00a0 \u00a0 \u00a0 \u00a0 \u00a0 \u00a0 \u00a0 \u00a0 \u00a0 \u00a0 \u00a0 \u00a0 \u00a0 \u00a0 \u00a0 \u00a0 \u00a0 \u00a0 \u00a0 \u00a0 \u00a0 \u00a0 \u00a0 \u00a0 \u00a0 \u00a0 \u00a0 \u00a0 \u00a0 \u00a0 \u00a0 \u00a0 \u00a0 \u00a0 \u00a0 \u00a0 \u00a0 \u00a0 \u00a0 \u00a0 \u00a0 \u00a0 \u00a0 \u00a0 \u00a0 \u00a0 \u00a0 \u00a0 \u00a0 \u00a0 \u00a0 \u00a0 \u00a0 \u00a0 \u00a0 \u00a0 \u00a0 \u00a0 \u00a0 \u00a0 \u00a0 \u00a0 \u00a0 \u00a0 \u00a0 \u00a0 \u00a0 \u00a0 \u00a0 \u00a0 \u00a0 \u00a0 \u00a0 \u00a0 \u00a0 \u00a0 \u00a0 \u00a0 \u00a0 \u00a0 \u00a0 \u00a0 \u00a0 \u00a0 \u00a0 \u00a0 \u00a0 \u00a0 \u00a0 \u00a0 \u00a0 \u00a0 \u00a0 \u00a0 \u00a0 \u00a0 \u00a0 \u00a0 \u00a0 \u00a0 \u00a0 \u00a0 \u00a0 \u00a0 \u00a0 \u00a0 Lagt \u00fat: 06-01-2021<\/p>","protected":false},"excerpt":{"rendered":"<p>Heimas\u00ed\u00f0an hj\u00e1 \u00cdSF setir f\u00f3lki spurningar um \u00edtr\u00f3tt og r\u00f8rslu. Hesa fer\u00f0 er gesturin S\u00f8lvi Reinert Hansen &nbsp; Navn: S\u00f8lvi [&hellip;]<\/p>\n","protected":false},"author":8,"featured_media":0,"parent":1251,"menu_order":3,"comment_status":"closed","ping_status":"closed","template":"","meta":{"_acf_changed":false,"_relevanssi_hide_post":"","_relevanssi_hide_content":"","_relevanssi_pin_for_all":"","_relevanssi_pin_keywords":"","_relevanssi_unpin_keywords":"","_relevanssi_related_keywords":"","_relevanssi_related_include_ids":"","_relevanssi_related_exclude_ids":"","_relevanssi_related_no_append":"","_relevanssi_related_not_related":"","_relevanssi_related_posts":"","_relevanssi_noindex_reason":"","inline_featured_image":false,"footnotes":""},"class_list":["post-8230","page","type-page","status-publish","hentry"],"acf":[],"yoast_head":"<!-- This site is optimized with the Yoast SEO plugin v27.5 - https:\/\/yoast.com\/product\/yoast-seo-wordpress\/ -->\n<title>S\u00f8lvi Reinert Hansen - \u00cdtr\u00f3ttasamband F\u00f8roya<\/title>\n<meta name=\"robots\" content=\"index, follow, max-snippet:-1, max-image-preview:large, max-video-preview:-1\" \/>\n<link rel=\"canonical\" href=\"https:\/\/isf.fo\/en\/itrotturin-eg\/solvi-reinert-hansen\/\" \/>\n<meta property=\"og:locale\" content=\"en_US\" \/>\n<meta property=\"og:type\" content=\"article\" \/>\n<meta property=\"og:title\" content=\"S\u00f8lvi Reinert Hansen - \u00cdtr\u00f3ttasamband F\u00f8roya\" \/>\n<meta property=\"og:description\" content=\"Heimas\u00ed\u00f0an hj\u00e1 \u00cdSF setir f\u00f3lki spurningar um \u00edtr\u00f3tt og r\u00f8rslu. Hesa fer\u00f0 er gesturin S\u00f8lvi Reinert Hansen &nbsp; Navn: S\u00f8lvi [&hellip;]\" \/>\n<meta property=\"og:url\" content=\"https:\/\/isf.fo\/en\/itrotturin-eg\/solvi-reinert-hansen\/\" \/>\n<meta property=\"og:site_name\" content=\"\u00cdtr\u00f3ttasamband F\u00f8roya\" \/>\n<meta property=\"article:publisher\" content=\"https:\/\/www.facebook.com\/itrottasambandid\" \/>\n<meta property=\"article:modified_time\" content=\"2021-01-21T13:40:38+00:00\" \/>\n<meta property=\"og:image\" content=\"https:\/\/isf.fo\/wp-content\/uploads\/2021\/01\/solvi-profil3-300x265.jpg\" \/>\n<meta name=\"twitter:card\" content=\"summary_large_image\" \/>\n<meta name=\"twitter:label1\" content=\"Est. reading time\" \/>\n\t<meta name=\"twitter:data1\" content=\"3 minutes\" \/>\n<script type=\"application\/ld+json\" class=\"yoast-schema-graph\">{\"@context\":\"https:\\\/\\\/schema.org\",\"@graph\":[{\"@type\":\"WebPage\",\"@id\":\"https:\\\/\\\/isf.fo\\\/itrotturin-eg\\\/solvi-reinert-hansen\\\/\",\"url\":\"https:\\\/\\\/isf.fo\\\/itrotturin-eg\\\/solvi-reinert-hansen\\\/\",\"name\":\"S\u00f8lvi Reinert Hansen - \u00cdtr\u00f3ttasamband F\u00f8roya\",\"isPartOf\":{\"@id\":\"https:\\\/\\\/isf.fo\\\/#website\"},\"primaryImageOfPage\":{\"@id\":\"https:\\\/\\\/isf.fo\\\/itrotturin-eg\\\/solvi-reinert-hansen\\\/#primaryimage\"},\"image\":{\"@id\":\"https:\\\/\\\/isf.fo\\\/itrotturin-eg\\\/solvi-reinert-hansen\\\/#primaryimage\"},\"thumbnailUrl\":\"https:\\\/\\\/isf.fo\\\/wp-content\\\/uploads\\\/2021\\\/01\\\/solvi-profil3-300x265.jpg\",\"datePublished\":\"2021-01-21T13:20:47+00:00\",\"dateModified\":\"2021-01-21T13:40:38+00:00\",\"breadcrumb\":{\"@id\":\"https:\\\/\\\/isf.fo\\\/itrotturin-eg\\\/solvi-reinert-hansen\\\/#breadcrumb\"},\"inLanguage\":\"en-US\",\"potentialAction\":[{\"@type\":\"ReadAction\",\"target\":[\"https:\\\/\\\/isf.fo\\\/itrotturin-eg\\\/solvi-reinert-hansen\\\/\"]}]},{\"@type\":\"ImageObject\",\"inLanguage\":\"en-US\",\"@id\":\"https:\\\/\\\/isf.fo\\\/itrotturin-eg\\\/solvi-reinert-hansen\\\/#primaryimage\",\"url\":\"https:\\\/\\\/isf.fo\\\/wp-content\\\/uploads\\\/2021\\\/01\\\/solvi-profil3-300x265.jpg\",\"contentUrl\":\"https:\\\/\\\/isf.fo\\\/wp-content\\\/uploads\\\/2021\\\/01\\\/solvi-profil3-300x265.jpg\"},{\"@type\":\"BreadcrumbList\",\"@id\":\"https:\\\/\\\/isf.fo\\\/itrotturin-eg\\\/solvi-reinert-hansen\\\/#breadcrumb\",\"itemListElement\":[{\"@type\":\"ListItem\",\"position\":1,\"name\":\"Home\",\"item\":\"https:\\\/\\\/isf.fo\\\/\"},{\"@type\":\"ListItem\",\"position\":2,\"name\":\"\u00cdtr\u00f3tturin &#038; eg\",\"item\":\"https:\\\/\\\/isf.fo\\\/itrotturin-eg\\\/\"},{\"@type\":\"ListItem\",\"position\":3,\"name\":\"S\u00f8lvi Reinert Hansen\"}]},{\"@type\":\"WebSite\",\"@id\":\"https:\\\/\\\/isf.fo\\\/#website\",\"url\":\"https:\\\/\\\/isf.fo\\\/\",\"name\":\"\u00cdtr\u00f3ttasamband F\u00f8roya\",\"description\":\"\",\"publisher\":{\"@id\":\"https:\\\/\\\/isf.fo\\\/#organization\"},\"potentialAction\":[{\"@type\":\"SearchAction\",\"target\":{\"@type\":\"EntryPoint\",\"urlTemplate\":\"https:\\\/\\\/isf.fo\\\/?s={search_term_string}\"},\"query-input\":{\"@type\":\"PropertyValueSpecification\",\"valueRequired\":true,\"valueName\":\"search_term_string\"}}],\"inLanguage\":\"en-US\"},{\"@type\":\"Organization\",\"@id\":\"https:\\\/\\\/isf.fo\\\/#organization\",\"name\":\"\u00cdtr\u00f3ttasamband F\u00f8roya\",\"url\":\"https:\\\/\\\/isf.fo\\\/\",\"logo\":{\"@type\":\"ImageObject\",\"inLanguage\":\"en-US\",\"@id\":\"https:\\\/\\\/isf.fo\\\/#\\\/schema\\\/logo\\\/image\\\/\",\"url\":\"https:\\\/\\\/isf.fo\\\/wp-content\\\/uploads\\\/2025\\\/06\\\/ISF_Olympic-Committee-logo.png\",\"contentUrl\":\"https:\\\/\\\/isf.fo\\\/wp-content\\\/uploads\\\/2025\\\/06\\\/ISF_Olympic-Committee-logo.png\",\"width\":618,\"height\":121,\"caption\":\"\u00cdtr\u00f3ttasamband F\u00f8roya\"},\"image\":{\"@id\":\"https:\\\/\\\/isf.fo\\\/#\\\/schema\\\/logo\\\/image\\\/\"},\"sameAs\":[\"https:\\\/\\\/www.facebook.com\\\/itrottasambandid\"]}]}<\/script>\n<!-- \/ Yoast SEO plugin. -->","yoast_head_json":{"title":"S\u00f8lvi Reinert Hansen - \u00cdtr\u00f3ttasamband F\u00f8roya","robots":{"index":"index","follow":"follow","max-snippet":"max-snippet:-1","max-image-preview":"max-image-preview:large","max-video-preview":"max-video-preview:-1"},"canonical":"https:\/\/isf.fo\/en\/itrotturin-eg\/solvi-reinert-hansen\/","og_locale":"en_US","og_type":"article","og_title":"S\u00f8lvi Reinert Hansen - \u00cdtr\u00f3ttasamband F\u00f8roya","og_description":"Heimas\u00ed\u00f0an hj\u00e1 \u00cdSF setir f\u00f3lki spurningar um \u00edtr\u00f3tt og r\u00f8rslu. Hesa fer\u00f0 er gesturin S\u00f8lvi Reinert Hansen &nbsp; Navn: S\u00f8lvi [&hellip;]","og_url":"https:\/\/isf.fo\/en\/itrotturin-eg\/solvi-reinert-hansen\/","og_site_name":"\u00cdtr\u00f3ttasamband F\u00f8roya","article_publisher":"https:\/\/www.facebook.com\/itrottasambandid","article_modified_time":"2021-01-21T13:40:38+00:00","og_image":[{"url":"https:\/\/isf.fo\/wp-content\/uploads\/2021\/01\/solvi-profil3-300x265.jpg","type":"","width":"","height":""}],"twitter_card":"summary_large_image","twitter_misc":{"Est. reading time":"3 minutes"},"schema":{"@context":"https:\/\/schema.org","@graph":[{"@type":"WebPage","@id":"https:\/\/isf.fo\/itrotturin-eg\/solvi-reinert-hansen\/","url":"https:\/\/isf.fo\/itrotturin-eg\/solvi-reinert-hansen\/","name":"S\u00f8lvi Reinert Hansen - \u00cdtr\u00f3ttasamband F\u00f8roya","isPartOf":{"@id":"https:\/\/isf.fo\/#website"},"primaryImageOfPage":{"@id":"https:\/\/isf.fo\/itrotturin-eg\/solvi-reinert-hansen\/#primaryimage"},"image":{"@id":"https:\/\/isf.fo\/itrotturin-eg\/solvi-reinert-hansen\/#primaryimage"},"thumbnailUrl":"https:\/\/isf.fo\/wp-content\/uploads\/2021\/01\/solvi-profil3-300x265.jpg","datePublished":"2021-01-21T13:20:47+00:00","dateModified":"2021-01-21T13:40:38+00:00","breadcrumb":{"@id":"https:\/\/isf.fo\/itrotturin-eg\/solvi-reinert-hansen\/#breadcrumb"},"inLanguage":"en-US","potentialAction":[{"@type":"ReadAction","target":["https:\/\/isf.fo\/itrotturin-eg\/solvi-reinert-hansen\/"]}]},{"@type":"ImageObject","inLanguage":"en-US","@id":"https:\/\/isf.fo\/itrotturin-eg\/solvi-reinert-hansen\/#primaryimage","url":"https:\/\/isf.fo\/wp-content\/uploads\/2021\/01\/solvi-profil3-300x265.jpg","contentUrl":"https:\/\/isf.fo\/wp-content\/uploads\/2021\/01\/solvi-profil3-300x265.jpg"},{"@type":"BreadcrumbList","@id":"https:\/\/isf.fo\/itrotturin-eg\/solvi-reinert-hansen\/#breadcrumb","itemListElement":[{"@type":"ListItem","position":1,"name":"Home","item":"https:\/\/isf.fo\/"},{"@type":"ListItem","position":2,"name":"\u00cdtr\u00f3tturin &#038; eg","item":"https:\/\/isf.fo\/itrotturin-eg\/"},{"@type":"ListItem","position":3,"name":"S\u00f8lvi Reinert Hansen"}]},{"@type":"WebSite","@id":"https:\/\/isf.fo\/#website","url":"https:\/\/isf.fo\/","name":"\u00cdtr\u00f3ttasamband F\u00f8roya","description":"","publisher":{"@id":"https:\/\/isf.fo\/#organization"},"potentialAction":[{"@type":"SearchAction","target":{"@type":"EntryPoint","urlTemplate":"https:\/\/isf.fo\/?s={search_term_string}"},"query-input":{"@type":"PropertyValueSpecification","valueRequired":true,"valueName":"search_term_string"}}],"inLanguage":"en-US"},{"@type":"Organization","@id":"https:\/\/isf.fo\/#organization","name":"\u00cdtr\u00f3ttasamband F\u00f8roya","url":"https:\/\/isf.fo\/","logo":{"@type":"ImageObject","inLanguage":"en-US","@id":"https:\/\/isf.fo\/#\/schema\/logo\/image\/","url":"https:\/\/isf.fo\/wp-content\/uploads\/2025\/06\/ISF_Olympic-Committee-logo.png","contentUrl":"https:\/\/isf.fo\/wp-content\/uploads\/2025\/06\/ISF_Olympic-Committee-logo.png","width":618,"height":121,"caption":"\u00cdtr\u00f3ttasamband F\u00f8roya"},"image":{"@id":"https:\/\/isf.fo\/#\/schema\/logo\/image\/"},"sameAs":["https:\/\/www.facebook.com\/itrottasambandid"]}]}},"_links":{"self":[{"href":"https:\/\/isf.fo\/en\/wp-json\/wp\/v2\/pages\/8230","targetHints":{"allow":["GET"]}}],"collection":[{"href":"https:\/\/isf.fo\/en\/wp-json\/wp\/v2\/pages"}],"about":[{"href":"https:\/\/isf.fo\/en\/wp-json\/wp\/v2\/types\/page"}],"author":[{"embeddable":true,"href":"https:\/\/isf.fo\/en\/wp-json\/wp\/v2\/users\/8"}],"replies":[{"embeddable":true,"href":"https:\/\/isf.fo\/en\/wp-json\/wp\/v2\/comments?post=8230"}],"version-history":[{"count":3,"href":"https:\/\/isf.fo\/en\/wp-json\/wp\/v2\/pages\/8230\/revisions"}],"predecessor-version":[{"id":8237,"href":"https:\/\/isf.fo\/en\/wp-json\/wp\/v2\/pages\/8230\/revisions\/8237"}],"up":[{"embeddable":true,"href":"https:\/\/isf.fo\/en\/wp-json\/wp\/v2\/pages\/1251"}],"wp:attachment":[{"href":"https:\/\/isf.fo\/en\/wp-json\/wp\/v2\/media?parent=8230"}],"curies":[{"name":"wp","href":"https:\/\/api.w.org\/{rel}","templated":true}]}}