{"id":8300,"date":"2021-02-10T11:00:51","date_gmt":"2021-02-10T11:00:51","guid":{"rendered":"https:\/\/isf.fo\/?page_id=8300"},"modified":"2021-02-10T11:34:07","modified_gmt":"2021-02-10T11:34:07","slug":"jorunn-gudmundsen","status":"publish","type":"page","link":"https:\/\/isf.fo\/en\/itrotturin-eg\/jorunn-gudmundsen\/","title":{"rendered":"J\u00f3runn Gudmundsen"},"content":{"rendered":"<p><img decoding=\"async\" class=\"alignnone size-medium wp-image-8304 lazyload\" data-src=\"https:\/\/d21ockg4ri0hhk.cloudfront.net\/wp-content\/uploads\/2021\/02\/30192638\/Jorun1-225x300.jpg\" alt=\"\" width=\"225\" height=\"300\" data-srcset=\"https:\/\/d21ockg4ri0hhk.cloudfront.net\/wp-content\/uploads\/2021\/02\/30192638\/Jorun1-225x300.jpg 225w, https:\/\/d21ockg4ri0hhk.cloudfront.net\/wp-content\/uploads\/2021\/02\/30192638\/Jorun1-700x933.jpg 700w, https:\/\/d21ockg4ri0hhk.cloudfront.net\/wp-content\/uploads\/2021\/02\/30192638\/Jorun1-768x1024.jpg 768w, https:\/\/d21ockg4ri0hhk.cloudfront.net\/wp-content\/uploads\/2021\/02\/30192638\/Jorun1-1152x1536.jpg 1152w, https:\/\/d21ockg4ri0hhk.cloudfront.net\/wp-content\/uploads\/2021\/02\/30192638\/Jorun1-18x24.jpg 18w, https:\/\/d21ockg4ri0hhk.cloudfront.net\/wp-content\/uploads\/2021\/02\/30192638\/Jorun1-27x36.jpg 27w, https:\/\/d21ockg4ri0hhk.cloudfront.net\/wp-content\/uploads\/2021\/02\/30192638\/Jorun1-36x48.jpg 36w, https:\/\/d21ockg4ri0hhk.cloudfront.net\/wp-content\/uploads\/2021\/02\/30192638\/Jorun1.jpg 1536w\" data-sizes=\"(max-width: 225px) 100vw, 225px\" src=\"data:image\/svg+xml;base64,PHN2ZyB3aWR0aD0iMSIgaGVpZ2h0PSIxIiB4bWxucz0iaHR0cDovL3d3dy53My5vcmcvMjAwMC9zdmciPjwvc3ZnPg==\" style=\"--smush-placeholder-width: 225px; --smush-placeholder-aspect-ratio: 225\/300;\" \/><\/p>\n<p><em>Heimas\u00ed\u00f0an hj\u00e1 \u00cdSF setir f\u00f3lki spurningar um \u00edtr\u00f3tt og r\u00f8rslu.<br \/>\nHesa fer\u00f0 er gesturin J\u00f3runn Gudmundsen, samskipari hj\u00e1 Fr\u00e6lsum \u00cdtr\u00f3tti F\u00f8roya<\/em><\/p>\n<p>&nbsp;<\/p>\n<ul>\n<li><strong>Navn: \u00a0<\/strong>J\u00f3runn Gudmundsen<\/li>\n<li><strong>Aldur: <\/strong>27 \u00e1r<\/li>\n<li><strong>\u00d9tb\u00fagving\/Starv: <\/strong>Lei\u00f0ari \u00ed ungd\u00f3msh\u00fasinum \u00ed Sunda kommunu og samskipari, hj\u00e1 Fr\u00e6lsum \u00edtr\u00f3tti F\u00f8roya.<\/li>\n<\/ul>\n<p>&nbsp;<\/p>\n<p>1: <strong>Hvussu ofta \u00ed\u00f0kar t\u00fa \u00edtr\u00f3tt um vikuna og hv\u00f8nn \u00edtr\u00f3tt er talan um.<\/strong><\/p>\n<p>Eg \u00ed\u00f0ki umlei\u00f0 5 fer\u00f0ir um vikuna. T\u00edmi n\u00e6rum allan \u00edtr\u00f3tt, so eg blandi ta\u00f0 eitt sindur, ann upp\u00e1 ve\u00f0ri\u00f0: um ta\u00f0 er l\u00edti\u00f0 av vindi, d\u00e1mar m\u00e6r v\u00e6l at fara ein langan s\u00fakklut\u00far, um ta\u00f0 er ringt ve\u00f0ur, fari eg \u00ed fittness og so elski eg, at renna \u00ed regni. Gangi eisini n\u00f3gv \u00ed haganum og d\u00e1mi allarbest at vera \u00fati.<\/p>\n<p>&nbsp;<\/p>\n<p><strong>2: \u00cd\u00f0ka\u00f0i t\u00fa \u00edtr\u00f3tt sum barn?<\/strong><\/p>\n<p>Ja, \u00ed langar banar \ud83d\ude42 Eg byrja\u00f0i vi\u00f0, at fara vi\u00f0 babba \u00e1 fjall sum 4-5 \u00e1ra gomul og eg minnist enn, hvussu n\u00f3gv eg pressa\u00f0i meg, longu t\u00e1. Havi \u00ed gj\u00f8gnum \u00e1rini gingi\u00f0 til f\u00f3tb\u00f3lt, hondb\u00f3lt, talv, r\u00f3gving, ymiskan dans, badminton, renning, longdarlop og havi s\u00fakkla\u00f0 vi\u00f0 Rynkeby. Um m\u00edtt skema loyvdi t\u00ed, hev\u00f0i eg gingi\u00f0 til alt hetta enn, men eg eri noydd til at prioritera annalei\u00f0is n\u00fa, har \u00fatb\u00fagving og arbei\u00f0i kemur framum. \u00cd l\u00f8tuni \u00ed\u00f0ki eg \u00edtr\u00f3tt, har eg sj\u00e1lv kann bestemma venjingart\u00ed\u00f0irnar, men eg v\u00f3ni, at kunna \u00ed\u00f0ka li\u00f0\u00edtr\u00f3tt aftur skj\u00f3tt.<\/p>\n<p>&nbsp;<\/p>\n<p><strong>3: Hv\u00f8nn t\u00fddning hevur \u00edtr\u00f3ttur fyri teg og familjuna.<\/strong><\/p>\n<p>\u00cdtr\u00f3ttur hevur alt\u00ed\u00f0 veri\u00f0 ein st\u00f3rur partur av m\u00e6r og m\u00ednari familju. Vit eru 6 systkin, so ta\u00f0 hevur alt\u00ed\u00f0 veri\u00f0 nokk hj\u00e1 mammu og babba at fara til, av \u00edtr\u00f3tti \ud83d\ude42<\/p>\n<p>Fyri meg, hevur \u00edtr\u00f3ttur ein sera st\u00f3ran t\u00fddning og f\u00f8li eg, at ta\u00f0 er ein partur av m\u00e6r og t\u00ed, sum eg umbo\u00f0i. Haldi, eg alt\u00ed\u00f0 havi d\u00e1mt, at pressa meg sj\u00e1lva og eg s\u00edggi venjing og \u00ed\u00f0king, sum eina fei\u00f0ring av, hvat kroppurin megnar, heldur enn ein \u2019straffur\u2019, fyri t\u00e6r kaloriurnar eg havi eti\u00f0. Eg elski at venja og nj\u00f3ti v\u00e6l av \u00f8llum t\u00ed g\u00f3\u00f0a, i\u00f0 \u00edtr\u00f3ttur gevur m\u00e6r.<\/p>\n<p>N\u00f8kur av m\u00ednum bestu barnaminnum, eru \u00ed gj\u00f8gnum \u00edtr\u00f3ttin og nakrar av bestu l\u00f8tunum, eru enn innanfyri \u00edtr\u00f3ttin, har eg eisini havi fingi\u00f0 sera n\u00f3gv vinarl\u00f8g.<\/p>\n<p>&nbsp;<\/p>\n<p><strong>4: Hvat heldur t\u00fa er t\u00fddningarmesta uppg\u00e1van\/avbj\u00f3\u00f0ingin hj\u00e1 f\u00f8roysku \u00edtr\u00f3ttafel\u00f8gunum?<\/strong><\/p>\n<p>Eg haldi, at tann t\u00fddningarmiklasta uppg\u00e1van, er at leggja orku \u00ed b\u00f8rnini. \u00cdtr\u00f3ttur gevur so n\u00f3gv anna\u00f0, enn bara venjing fyri kroppin: \u00cdtr\u00f3ttur skapar vinarl\u00f8g, \u00edtr\u00f3ttur mennir ein b\u00e6\u00f0i menniskjaliga og kropsliga &#8211; har man kappast, setur s\u00e6r m\u00e1l, pressar seg sj\u00e1lvan og finnur eins grensur. Eisini krevur \u00edtr\u00f3ttur, at man br\u00fakar h\u00f8vdi\u00f0, konsentrati\u00f3n og koordinati\u00f3n, og so er ta\u00f0 ein fr\u00edl\u00f8ta, har ein skal hava ta\u00f0 stuttligt og sp\u00e6la. Eisini vita vit, at \u00edtr\u00f3ttur hj\u00e1lpir upp\u00e1 tunglyndi og betrar um f\u00f8rleikarnar til at l\u00e6ra, og generelt, er sera sunt og gott fyri heilsuna, so what\u2019s not to like! \u00cdtr\u00f3ttarfel\u00f8gini skulu skapa venjingar fyri \u00f8ll og so haldi eg, at foreldrini skulu loyva barninum, at fara til allar \u00edtr\u00f3ttirnar ta\u00f0 hevur hug at ganga til og eggja t\u00ed at fara &#8211; eisini teir dagar, t\u00e1 hugurin er l\u00edtil \u2013 t\u00ed bara tey eru vi\u00f0, so skal restin nokk koma \ud83d\ude42<\/p>\n<p><img decoding=\"async\" class=\"alignnone size-medium wp-image-8301 lazyload\" data-src=\"https:\/\/d21ockg4ri0hhk.cloudfront.net\/wp-content\/uploads\/2021\/02\/30192642\/Jorunn4-225x300.jpg\" alt=\"\" width=\"225\" height=\"300\" data-srcset=\"https:\/\/d21ockg4ri0hhk.cloudfront.net\/wp-content\/uploads\/2021\/02\/30192642\/Jorunn4-225x300.jpg 225w, https:\/\/d21ockg4ri0hhk.cloudfront.net\/wp-content\/uploads\/2021\/02\/30192642\/Jorunn4-700x933.jpg 700w, https:\/\/d21ockg4ri0hhk.cloudfront.net\/wp-content\/uploads\/2021\/02\/30192642\/Jorunn4-768x1024.jpg 768w, https:\/\/d21ockg4ri0hhk.cloudfront.net\/wp-content\/uploads\/2021\/02\/30192642\/Jorunn4-1152x1536.jpg 1152w, https:\/\/d21ockg4ri0hhk.cloudfront.net\/wp-content\/uploads\/2021\/02\/30192642\/Jorunn4-18x24.jpg 18w, https:\/\/d21ockg4ri0hhk.cloudfront.net\/wp-content\/uploads\/2021\/02\/30192642\/Jorunn4-27x36.jpg 27w, https:\/\/d21ockg4ri0hhk.cloudfront.net\/wp-content\/uploads\/2021\/02\/30192642\/Jorunn4-36x48.jpg 36w, https:\/\/d21ockg4ri0hhk.cloudfront.net\/wp-content\/uploads\/2021\/02\/30192642\/Jorunn4.jpg 1536w\" data-sizes=\"(max-width: 225px) 100vw, 225px\" src=\"data:image\/svg+xml;base64,PHN2ZyB3aWR0aD0iMSIgaGVpZ2h0PSIxIiB4bWxucz0iaHR0cDovL3d3dy53My5vcmcvMjAwMC9zdmciPjwvc3ZnPg==\" style=\"--smush-placeholder-width: 225px; --smush-placeholder-aspect-ratio: 225\/300;\" \/> <img decoding=\"async\" class=\"alignnone size-medium wp-image-8303 lazyload\" data-src=\"https:\/\/d21ockg4ri0hhk.cloudfront.net\/wp-content\/uploads\/2021\/02\/30192639\/Jorunn2-225x300.jpg\" alt=\"\" width=\"225\" height=\"300\" data-srcset=\"https:\/\/d21ockg4ri0hhk.cloudfront.net\/wp-content\/uploads\/2021\/02\/30192639\/Jorunn2-225x300.jpg 225w, https:\/\/d21ockg4ri0hhk.cloudfront.net\/wp-content\/uploads\/2021\/02\/30192639\/Jorunn2-700x933.jpg 700w, https:\/\/d21ockg4ri0hhk.cloudfront.net\/wp-content\/uploads\/2021\/02\/30192639\/Jorunn2-768x1024.jpg 768w, https:\/\/d21ockg4ri0hhk.cloudfront.net\/wp-content\/uploads\/2021\/02\/30192639\/Jorunn2-1152x1536.jpg 1152w, https:\/\/d21ockg4ri0hhk.cloudfront.net\/wp-content\/uploads\/2021\/02\/30192639\/Jorunn2-18x24.jpg 18w, https:\/\/d21ockg4ri0hhk.cloudfront.net\/wp-content\/uploads\/2021\/02\/30192639\/Jorunn2-27x36.jpg 27w, https:\/\/d21ockg4ri0hhk.cloudfront.net\/wp-content\/uploads\/2021\/02\/30192639\/Jorunn2-36x48.jpg 36w, https:\/\/d21ockg4ri0hhk.cloudfront.net\/wp-content\/uploads\/2021\/02\/30192639\/Jorunn2.jpg 1536w\" data-sizes=\"(max-width: 225px) 100vw, 225px\" src=\"data:image\/svg+xml;base64,PHN2ZyB3aWR0aD0iMSIgaGVpZ2h0PSIxIiB4bWxucz0iaHR0cDovL3d3dy53My5vcmcvMjAwMC9zdmciPjwvc3ZnPg==\" style=\"--smush-placeholder-width: 225px; --smush-placeholder-aspect-ratio: 225\/300;\" \/>\u00a0\u00a0<img decoding=\"async\" class=\"alignnone size-medium wp-image-8302 lazyload\" data-src=\"https:\/\/d21ockg4ri0hhk.cloudfront.net\/wp-content\/uploads\/2021\/02\/30192642\/Jorunn3-300x200.jpg\" alt=\"\" width=\"300\" height=\"200\" data-srcset=\"https:\/\/d21ockg4ri0hhk.cloudfront.net\/wp-content\/uploads\/2021\/02\/30192642\/Jorunn3-300x200.jpg 300w, https:\/\/d21ockg4ri0hhk.cloudfront.net\/wp-content\/uploads\/2021\/02\/30192642\/Jorunn3-700x467.jpg 700w, https:\/\/d21ockg4ri0hhk.cloudfront.net\/wp-content\/uploads\/2021\/02\/30192642\/Jorunn3-768x512.jpg 768w, https:\/\/d21ockg4ri0hhk.cloudfront.net\/wp-content\/uploads\/2021\/02\/30192642\/Jorunn3-1536x1024.jpg 1536w, https:\/\/d21ockg4ri0hhk.cloudfront.net\/wp-content\/uploads\/2021\/02\/30192642\/Jorunn3-24x16.jpg 24w, https:\/\/d21ockg4ri0hhk.cloudfront.net\/wp-content\/uploads\/2021\/02\/30192642\/Jorunn3-36x24.jpg 36w, https:\/\/d21ockg4ri0hhk.cloudfront.net\/wp-content\/uploads\/2021\/02\/30192642\/Jorunn3-48x32.jpg 48w, https:\/\/d21ockg4ri0hhk.cloudfront.net\/wp-content\/uploads\/2021\/02\/30192642\/Jorunn3-272x182.jpg 272w, https:\/\/d21ockg4ri0hhk.cloudfront.net\/wp-content\/uploads\/2021\/02\/30192642\/Jorunn3.jpg 2048w\" data-sizes=\"(max-width: 300px) 100vw, 300px\" src=\"data:image\/svg+xml;base64,PHN2ZyB3aWR0aD0iMSIgaGVpZ2h0PSIxIiB4bWxucz0iaHR0cDovL3d3dy53My5vcmcvMjAwMC9zdmciPjwvc3ZnPg==\" style=\"--smush-placeholder-width: 300px; --smush-placeholder-aspect-ratio: 300\/200;\" \/><\/p>","protected":false},"excerpt":{"rendered":"<p>Heimas\u00ed\u00f0an hj\u00e1 \u00cdSF setir f\u00f3lki spurningar um \u00edtr\u00f3tt og r\u00f8rslu. Hesa fer\u00f0 er gesturin J\u00f3runn Gudmundsen, samskipari hj\u00e1 Fr\u00e6lsum \u00cdtr\u00f3tti [&hellip;]<\/p>\n","protected":false},"author":8,"featured_media":0,"parent":1251,"menu_order":5,"comment_status":"closed","ping_status":"closed","template":"","meta":{"_acf_changed":false,"_relevanssi_hide_post":"","_relevanssi_hide_content":"","_relevanssi_pin_for_all":"","_relevanssi_pin_keywords":"","_relevanssi_unpin_keywords":"","_relevanssi_related_keywords":"","_relevanssi_related_include_ids":"","_relevanssi_related_exclude_ids":"","_relevanssi_related_no_append":"","_relevanssi_related_not_related":"","_relevanssi_related_posts":"","_relevanssi_noindex_reason":"","inline_featured_image":false,"footnotes":""},"class_list":["post-8300","page","type-page","status-publish","hentry"],"acf":[],"yoast_head":"<!-- This site is optimized with the Yoast SEO plugin v27.5 - https:\/\/yoast.com\/product\/yoast-seo-wordpress\/ -->\n<title>J\u00f3runn Gudmundsen - \u00cdtr\u00f3ttasamband F\u00f8roya<\/title>\n<meta name=\"robots\" content=\"index, follow, max-snippet:-1, max-image-preview:large, max-video-preview:-1\" \/>\n<link rel=\"canonical\" href=\"https:\/\/isf.fo\/en\/itrotturin-eg\/jorunn-gudmundsen\/\" \/>\n<meta property=\"og:locale\" content=\"en_US\" \/>\n<meta property=\"og:type\" content=\"article\" \/>\n<meta property=\"og:title\" content=\"J\u00f3runn Gudmundsen - \u00cdtr\u00f3ttasamband F\u00f8roya\" \/>\n<meta property=\"og:description\" content=\"Heimas\u00ed\u00f0an hj\u00e1 \u00cdSF setir f\u00f3lki spurningar um \u00edtr\u00f3tt og r\u00f8rslu. Hesa fer\u00f0 er gesturin J\u00f3runn Gudmundsen, samskipari hj\u00e1 Fr\u00e6lsum \u00cdtr\u00f3tti [&hellip;]\" \/>\n<meta property=\"og:url\" content=\"https:\/\/isf.fo\/en\/itrotturin-eg\/jorunn-gudmundsen\/\" \/>\n<meta property=\"og:site_name\" content=\"\u00cdtr\u00f3ttasamband F\u00f8roya\" \/>\n<meta property=\"article:publisher\" content=\"https:\/\/www.facebook.com\/itrottasambandid\" \/>\n<meta property=\"article:modified_time\" content=\"2021-02-10T11:34:07+00:00\" \/>\n<meta property=\"og:image\" content=\"https:\/\/isf.fo\/wp-content\/uploads\/2021\/02\/Jorun1-225x300.jpg\" \/>\n<meta name=\"twitter:card\" content=\"summary_large_image\" \/>\n<meta name=\"twitter:label1\" content=\"Est. reading time\" \/>\n\t<meta name=\"twitter:data1\" content=\"3 minutes\" \/>\n<script type=\"application\/ld+json\" class=\"yoast-schema-graph\">{\"@context\":\"https:\\\/\\\/schema.org\",\"@graph\":[{\"@type\":\"WebPage\",\"@id\":\"https:\\\/\\\/isf.fo\\\/itrotturin-eg\\\/jorunn-gudmundsen\\\/\",\"url\":\"https:\\\/\\\/isf.fo\\\/itrotturin-eg\\\/jorunn-gudmundsen\\\/\",\"name\":\"J\u00f3runn Gudmundsen - \u00cdtr\u00f3ttasamband F\u00f8roya\",\"isPartOf\":{\"@id\":\"https:\\\/\\\/isf.fo\\\/#website\"},\"primaryImageOfPage\":{\"@id\":\"https:\\\/\\\/isf.fo\\\/itrotturin-eg\\\/jorunn-gudmundsen\\\/#primaryimage\"},\"image\":{\"@id\":\"https:\\\/\\\/isf.fo\\\/itrotturin-eg\\\/jorunn-gudmundsen\\\/#primaryimage\"},\"thumbnailUrl\":\"https:\\\/\\\/isf.fo\\\/wp-content\\\/uploads\\\/2021\\\/02\\\/Jorun1-225x300.jpg\",\"datePublished\":\"2021-02-10T11:00:51+00:00\",\"dateModified\":\"2021-02-10T11:34:07+00:00\",\"breadcrumb\":{\"@id\":\"https:\\\/\\\/isf.fo\\\/itrotturin-eg\\\/jorunn-gudmundsen\\\/#breadcrumb\"},\"inLanguage\":\"en-US\",\"potentialAction\":[{\"@type\":\"ReadAction\",\"target\":[\"https:\\\/\\\/isf.fo\\\/itrotturin-eg\\\/jorunn-gudmundsen\\\/\"]}]},{\"@type\":\"ImageObject\",\"inLanguage\":\"en-US\",\"@id\":\"https:\\\/\\\/isf.fo\\\/itrotturin-eg\\\/jorunn-gudmundsen\\\/#primaryimage\",\"url\":\"https:\\\/\\\/isf.fo\\\/wp-content\\\/uploads\\\/2021\\\/02\\\/Jorun1-225x300.jpg\",\"contentUrl\":\"https:\\\/\\\/isf.fo\\\/wp-content\\\/uploads\\\/2021\\\/02\\\/Jorun1-225x300.jpg\"},{\"@type\":\"BreadcrumbList\",\"@id\":\"https:\\\/\\\/isf.fo\\\/itrotturin-eg\\\/jorunn-gudmundsen\\\/#breadcrumb\",\"itemListElement\":[{\"@type\":\"ListItem\",\"position\":1,\"name\":\"Home\",\"item\":\"https:\\\/\\\/isf.fo\\\/\"},{\"@type\":\"ListItem\",\"position\":2,\"name\":\"\u00cdtr\u00f3tturin &#038; eg\",\"item\":\"https:\\\/\\\/isf.fo\\\/itrotturin-eg\\\/\"},{\"@type\":\"ListItem\",\"position\":3,\"name\":\"J\u00f3runn Gudmundsen\"}]},{\"@type\":\"WebSite\",\"@id\":\"https:\\\/\\\/isf.fo\\\/#website\",\"url\":\"https:\\\/\\\/isf.fo\\\/\",\"name\":\"\u00cdtr\u00f3ttasamband F\u00f8roya\",\"description\":\"\",\"publisher\":{\"@id\":\"https:\\\/\\\/isf.fo\\\/#organization\"},\"potentialAction\":[{\"@type\":\"SearchAction\",\"target\":{\"@type\":\"EntryPoint\",\"urlTemplate\":\"https:\\\/\\\/isf.fo\\\/?s={search_term_string}\"},\"query-input\":{\"@type\":\"PropertyValueSpecification\",\"valueRequired\":true,\"valueName\":\"search_term_string\"}}],\"inLanguage\":\"en-US\"},{\"@type\":\"Organization\",\"@id\":\"https:\\\/\\\/isf.fo\\\/#organization\",\"name\":\"\u00cdtr\u00f3ttasamband F\u00f8roya\",\"url\":\"https:\\\/\\\/isf.fo\\\/\",\"logo\":{\"@type\":\"ImageObject\",\"inLanguage\":\"en-US\",\"@id\":\"https:\\\/\\\/isf.fo\\\/#\\\/schema\\\/logo\\\/image\\\/\",\"url\":\"https:\\\/\\\/isf.fo\\\/wp-content\\\/uploads\\\/2025\\\/06\\\/ISF_Olympic-Committee-logo.png\",\"contentUrl\":\"https:\\\/\\\/isf.fo\\\/wp-content\\\/uploads\\\/2025\\\/06\\\/ISF_Olympic-Committee-logo.png\",\"width\":618,\"height\":121,\"caption\":\"\u00cdtr\u00f3ttasamband F\u00f8roya\"},\"image\":{\"@id\":\"https:\\\/\\\/isf.fo\\\/#\\\/schema\\\/logo\\\/image\\\/\"},\"sameAs\":[\"https:\\\/\\\/www.facebook.com\\\/itrottasambandid\"]}]}<\/script>\n<!-- \/ Yoast SEO plugin. -->","yoast_head_json":{"title":"J\u00f3runn Gudmundsen - \u00cdtr\u00f3ttasamband F\u00f8roya","robots":{"index":"index","follow":"follow","max-snippet":"max-snippet:-1","max-image-preview":"max-image-preview:large","max-video-preview":"max-video-preview:-1"},"canonical":"https:\/\/isf.fo\/en\/itrotturin-eg\/jorunn-gudmundsen\/","og_locale":"en_US","og_type":"article","og_title":"J\u00f3runn Gudmundsen - \u00cdtr\u00f3ttasamband F\u00f8roya","og_description":"Heimas\u00ed\u00f0an hj\u00e1 \u00cdSF setir f\u00f3lki spurningar um \u00edtr\u00f3tt og r\u00f8rslu. Hesa fer\u00f0 er gesturin J\u00f3runn Gudmundsen, samskipari hj\u00e1 Fr\u00e6lsum \u00cdtr\u00f3tti [&hellip;]","og_url":"https:\/\/isf.fo\/en\/itrotturin-eg\/jorunn-gudmundsen\/","og_site_name":"\u00cdtr\u00f3ttasamband F\u00f8roya","article_publisher":"https:\/\/www.facebook.com\/itrottasambandid","article_modified_time":"2021-02-10T11:34:07+00:00","og_image":[{"url":"https:\/\/isf.fo\/wp-content\/uploads\/2021\/02\/Jorun1-225x300.jpg","type":"","width":"","height":""}],"twitter_card":"summary_large_image","twitter_misc":{"Est. reading time":"3 minutes"},"schema":{"@context":"https:\/\/schema.org","@graph":[{"@type":"WebPage","@id":"https:\/\/isf.fo\/itrotturin-eg\/jorunn-gudmundsen\/","url":"https:\/\/isf.fo\/itrotturin-eg\/jorunn-gudmundsen\/","name":"J\u00f3runn Gudmundsen - \u00cdtr\u00f3ttasamband F\u00f8roya","isPartOf":{"@id":"https:\/\/isf.fo\/#website"},"primaryImageOfPage":{"@id":"https:\/\/isf.fo\/itrotturin-eg\/jorunn-gudmundsen\/#primaryimage"},"image":{"@id":"https:\/\/isf.fo\/itrotturin-eg\/jorunn-gudmundsen\/#primaryimage"},"thumbnailUrl":"https:\/\/isf.fo\/wp-content\/uploads\/2021\/02\/Jorun1-225x300.jpg","datePublished":"2021-02-10T11:00:51+00:00","dateModified":"2021-02-10T11:34:07+00:00","breadcrumb":{"@id":"https:\/\/isf.fo\/itrotturin-eg\/jorunn-gudmundsen\/#breadcrumb"},"inLanguage":"en-US","potentialAction":[{"@type":"ReadAction","target":["https:\/\/isf.fo\/itrotturin-eg\/jorunn-gudmundsen\/"]}]},{"@type":"ImageObject","inLanguage":"en-US","@id":"https:\/\/isf.fo\/itrotturin-eg\/jorunn-gudmundsen\/#primaryimage","url":"https:\/\/isf.fo\/wp-content\/uploads\/2021\/02\/Jorun1-225x300.jpg","contentUrl":"https:\/\/isf.fo\/wp-content\/uploads\/2021\/02\/Jorun1-225x300.jpg"},{"@type":"BreadcrumbList","@id":"https:\/\/isf.fo\/itrotturin-eg\/jorunn-gudmundsen\/#breadcrumb","itemListElement":[{"@type":"ListItem","position":1,"name":"Home","item":"https:\/\/isf.fo\/"},{"@type":"ListItem","position":2,"name":"\u00cdtr\u00f3tturin &#038; eg","item":"https:\/\/isf.fo\/itrotturin-eg\/"},{"@type":"ListItem","position":3,"name":"J\u00f3runn Gudmundsen"}]},{"@type":"WebSite","@id":"https:\/\/isf.fo\/#website","url":"https:\/\/isf.fo\/","name":"\u00cdtr\u00f3ttasamband F\u00f8roya","description":"","publisher":{"@id":"https:\/\/isf.fo\/#organization"},"potentialAction":[{"@type":"SearchAction","target":{"@type":"EntryPoint","urlTemplate":"https:\/\/isf.fo\/?s={search_term_string}"},"query-input":{"@type":"PropertyValueSpecification","valueRequired":true,"valueName":"search_term_string"}}],"inLanguage":"en-US"},{"@type":"Organization","@id":"https:\/\/isf.fo\/#organization","name":"\u00cdtr\u00f3ttasamband F\u00f8roya","url":"https:\/\/isf.fo\/","logo":{"@type":"ImageObject","inLanguage":"en-US","@id":"https:\/\/isf.fo\/#\/schema\/logo\/image\/","url":"https:\/\/isf.fo\/wp-content\/uploads\/2025\/06\/ISF_Olympic-Committee-logo.png","contentUrl":"https:\/\/isf.fo\/wp-content\/uploads\/2025\/06\/ISF_Olympic-Committee-logo.png","width":618,"height":121,"caption":"\u00cdtr\u00f3ttasamband F\u00f8roya"},"image":{"@id":"https:\/\/isf.fo\/#\/schema\/logo\/image\/"},"sameAs":["https:\/\/www.facebook.com\/itrottasambandid"]}]}},"_links":{"self":[{"href":"https:\/\/isf.fo\/en\/wp-json\/wp\/v2\/pages\/8300","targetHints":{"allow":["GET"]}}],"collection":[{"href":"https:\/\/isf.fo\/en\/wp-json\/wp\/v2\/pages"}],"about":[{"href":"https:\/\/isf.fo\/en\/wp-json\/wp\/v2\/types\/page"}],"author":[{"embeddable":true,"href":"https:\/\/isf.fo\/en\/wp-json\/wp\/v2\/users\/8"}],"replies":[{"embeddable":true,"href":"https:\/\/isf.fo\/en\/wp-json\/wp\/v2\/comments?post=8300"}],"version-history":[{"count":3,"href":"https:\/\/isf.fo\/en\/wp-json\/wp\/v2\/pages\/8300\/revisions"}],"predecessor-version":[{"id":8307,"href":"https:\/\/isf.fo\/en\/wp-json\/wp\/v2\/pages\/8300\/revisions\/8307"}],"up":[{"embeddable":true,"href":"https:\/\/isf.fo\/en\/wp-json\/wp\/v2\/pages\/1251"}],"wp:attachment":[{"href":"https:\/\/isf.fo\/en\/wp-json\/wp\/v2\/media?parent=8300"}],"curies":[{"name":"wp","href":"https:\/\/api.w.org\/{rel}","templated":true}]}}