{"id":8445,"date":"2021-03-18T11:49:04","date_gmt":"2021-03-18T11:49:04","guid":{"rendered":"https:\/\/isf.fo\/logir\/reglugerd-altjoda-kappingar-uttanlands\/"},"modified":"2025-10-28T12:16:49","modified_gmt":"2025-10-28T12:16:49","slug":"reglugerd-em-hm-kappingar","status":"publish","type":"page","link":"https:\/\/isf.fo\/en\/logir\/reglugerd-em-hm-kappingar\/","title":{"rendered":"Regluger\u00f0 EM og HM kappingar"},"content":{"rendered":"<p><strong>Regluger\u00f0 fyri stu\u00f0ul til EM og HM kappingar<\/strong><\/p>\n<p>Hendan regluger\u00f0 vi\u00f0ger\u00f0 treytir fyri at f\u00e1a peningaligan stu\u00f0ul til at luttaka \u00ed EM og HM kappingum.<\/p>\n<p>Upph\u00e6ddin sum ver\u00f0ur sett av til stu\u00f0ul til altj\u00f3\u00f0a EM og HM kappingar er partur av samla\u00f0a b\u00fdtinum, sum f\u00edggjarnevndin ger og leggur fyri a\u00f0alfundin til g\u00f3\u00f0kenningar.<\/p>\n<p>Stu\u00f0ul kann s\u00f8kjast til altj\u00f3\u00f0a EM\/HM kappingar, sum sambond undir \u00cdSF luttaka \u00ed uttanlands.<\/p>\n<p>Sum meginregla skulu hesar treytir ver\u00f0a uppfyltar:<\/p>\n<ol>\n<li>Talan skal ver\u00f0a um EM ella HM kapping og undankappingar teirra.<\/li>\n<li>Kappingin skal ver\u00f0a fyriskipa\u00f0 av europeiskum ella altj\u00f3\u00f0a sambandi.<\/li>\n<li>Kappingin skal ver\u00f0a fyri vaksin.<\/li>\n<li>S\u00f8kjast kann um stu\u00f0ul til fer\u00f0ing og uppihald.<\/li>\n<li>F\u00edggjar\u00e6tlan fyri lutt\u00f8kuna skal fylgja vi\u00f0 ums\u00f3knini.<\/li>\n<li>Freistin at lata ums\u00f3kn inn er 15. november \u00e1ri\u00f0 fyri.<\/li>\n<li>Sambond sum hava s\u00f8kt f\u00e1a svar \u00ed seinasta lagi 15. desember.<\/li>\n<li>Uppger\u00f0 vi\u00f0 skjalpr\u00f3gvum fyri \u00fatrei\u00f0slurnar skal innlatast \u00cdSF seinast tveir m\u00e1na\u00f0ir eftir at kappingin hevur veri\u00f0.<\/li>\n<li>Starvsnevndin tekur avger\u00f0 um b\u00fdti\u00f0.<\/li>\n<\/ol>\n<p><em>Samtykt \u00e1 starvsnevndarfundi 3. juli 2020, seinast dagf\u00f8rt av starvsnevnd \u00cdSF 24. apr\u00edl 2023.<\/em><\/p>\n<p>\u00a0<\/p>\n<ul>\n<li><a href=\"https:\/\/isf.fo\/wp-content\/uploads\/2025\/10\/2023-10-24-Reglugerd-EM-og-HM-kappingar.pdf\"><strong>Regluger\u00f0 EM og HM kappingar sum pdf<\/strong><\/a><\/li>\n<\/ul>\n\n\n<ul class=\"wp-block-list\">\n<li><strong><a href=\"https:\/\/isf.fo\/wp-content\/uploads\/2025\/10\/Skjal-til-UMSOKN_Altjoda_og-EM_HM_kappingar_i_FO_2026.xlsx\">Ums\u00f3knarskjal EM\/HM kappingar \u00ed FO<\/a><\/strong><\/li>\n<\/ul>\n\n\n\n<ol class=\"wp-block-list\"><\/ol>\n\n\n\n<ul class=\"wp-block-list\">\n<li><strong><a href=\"https:\/\/isf.fo\/wp-content\/uploads\/2025\/10\/Skjal_til-UMSOKN_Altjoda_og-EM_HM_kappingar_uttanlands_2026.xlsx\">Ums\u00f3knarskjal EM\/HM kappingar uttanlands<\/a><\/strong><\/li>\n<\/ul>\n\n\n\n<ul class=\"wp-block-list\">\n<li><strong><a href=\"https:\/\/isf.fo\/wp-content\/uploads\/2025\/10\/Skjal_til-UPPGERD_Altjoda_og-EM_HM_kappingar-2026.xlsx\">Skjal til uppger\u00f0<\/a><\/strong><\/li>\n<\/ul>\n\n\n\n<ul class=\"wp-block-list\">\n<li><strong><a href=\"https:\/\/isf.fo\/wp-content\/uploads\/2025\/10\/2025-10-27-Vegleiding-til-uppgerd-Altjoda-kappingar.pdf\">Veglei\u00f0ing til uppger\u00f0<\/a><\/strong><\/li>\n<\/ul>\n\n\n\n<p><\/p>","protected":false},"excerpt":{"rendered":"<p>Regluger\u00f0 fyri stu\u00f0ul til EM og HM kappingar Hendan regluger\u00f0 vi\u00f0ger\u00f0 treytir fyri at f\u00e1a peningaligan stu\u00f0ul til at luttaka [&hellip;]<\/p>\n","protected":false},"author":7,"featured_media":0,"parent":405,"menu_order":15,"comment_status":"closed","ping_status":"closed","template":"","meta":{"_acf_changed":false,"_relevanssi_hide_post":"","_relevanssi_hide_content":"","_relevanssi_pin_for_all":"","_relevanssi_pin_keywords":"","_relevanssi_unpin_keywords":"","_relevanssi_related_keywords":"","_relevanssi_related_include_ids":"","_relevanssi_related_exclude_ids":"","_relevanssi_related_no_append":"","_relevanssi_related_not_related":"","_relevanssi_related_posts":"","_relevanssi_noindex_reason":"","inline_featured_image":false,"footnotes":""},"class_list":["post-8445","page","type-page","status-publish","hentry"],"acf":[],"yoast_head":"<!-- This site is optimized with the Yoast SEO plugin v27.5 - https:\/\/yoast.com\/product\/yoast-seo-wordpress\/ -->\n<title>Regluger\u00f0 EM og HM kappingar - \u00cdtr\u00f3ttasamband F\u00f8roya<\/title>\n<meta name=\"robots\" content=\"index, follow, max-snippet:-1, max-image-preview:large, max-video-preview:-1\" \/>\n<link rel=\"canonical\" href=\"https:\/\/isf.fo\/en\/logir\/reglugerd-em-hm-kappingar\/\" \/>\n<meta property=\"og:locale\" content=\"en_US\" \/>\n<meta property=\"og:type\" content=\"article\" \/>\n<meta property=\"og:title\" content=\"Regluger\u00f0 EM og HM kappingar - \u00cdtr\u00f3ttasamband F\u00f8roya\" \/>\n<meta property=\"og:description\" content=\"Regluger\u00f0 fyri stu\u00f0ul til EM og HM kappingar Hendan regluger\u00f0 vi\u00f0ger\u00f0 treytir fyri at f\u00e1a peningaligan stu\u00f0ul til at luttaka [&hellip;]\" \/>\n<meta property=\"og:url\" content=\"https:\/\/isf.fo\/en\/logir\/reglugerd-em-hm-kappingar\/\" \/>\n<meta property=\"og:site_name\" content=\"\u00cdtr\u00f3ttasamband F\u00f8roya\" \/>\n<meta property=\"article:publisher\" content=\"https:\/\/www.facebook.com\/itrottasambandid\" \/>\n<meta property=\"article:modified_time\" content=\"2025-10-28T12:16:49+00:00\" \/>\n<meta name=\"twitter:card\" content=\"summary_large_image\" \/>\n<meta name=\"twitter:label1\" content=\"Est. reading time\" \/>\n\t<meta name=\"twitter:data1\" content=\"2 minutes\" \/>\n<script type=\"application\/ld+json\" class=\"yoast-schema-graph\">{\"@context\":\"https:\\\/\\\/schema.org\",\"@graph\":[{\"@type\":\"WebPage\",\"@id\":\"https:\\\/\\\/isf.fo\\\/logir\\\/reglugerd-em-hm-kappingar\\\/\",\"url\":\"https:\\\/\\\/isf.fo\\\/logir\\\/reglugerd-em-hm-kappingar\\\/\",\"name\":\"Regluger\u00f0 EM og HM kappingar - \u00cdtr\u00f3ttasamband F\u00f8roya\",\"isPartOf\":{\"@id\":\"https:\\\/\\\/isf.fo\\\/#website\"},\"datePublished\":\"2021-03-18T11:49:04+00:00\",\"dateModified\":\"2025-10-28T12:16:49+00:00\",\"breadcrumb\":{\"@id\":\"https:\\\/\\\/isf.fo\\\/logir\\\/reglugerd-em-hm-kappingar\\\/#breadcrumb\"},\"inLanguage\":\"en-US\",\"potentialAction\":[{\"@type\":\"ReadAction\",\"target\":[\"https:\\\/\\\/isf.fo\\\/logir\\\/reglugerd-em-hm-kappingar\\\/\"]}]},{\"@type\":\"BreadcrumbList\",\"@id\":\"https:\\\/\\\/isf.fo\\\/logir\\\/reglugerd-em-hm-kappingar\\\/#breadcrumb\",\"itemListElement\":[{\"@type\":\"ListItem\",\"position\":1,\"name\":\"Home\",\"item\":\"https:\\\/\\\/isf.fo\\\/\"},{\"@type\":\"ListItem\",\"position\":2,\"name\":\"L\u00f3gir\",\"item\":\"https:\\\/\\\/isf.fo\\\/logir\\\/\"},{\"@type\":\"ListItem\",\"position\":3,\"name\":\"Regluger\u00f0 EM og HM kappingar\"}]},{\"@type\":\"WebSite\",\"@id\":\"https:\\\/\\\/isf.fo\\\/#website\",\"url\":\"https:\\\/\\\/isf.fo\\\/\",\"name\":\"\u00cdtr\u00f3ttasamband F\u00f8roya\",\"description\":\"\",\"publisher\":{\"@id\":\"https:\\\/\\\/isf.fo\\\/#organization\"},\"potentialAction\":[{\"@type\":\"SearchAction\",\"target\":{\"@type\":\"EntryPoint\",\"urlTemplate\":\"https:\\\/\\\/isf.fo\\\/?s={search_term_string}\"},\"query-input\":{\"@type\":\"PropertyValueSpecification\",\"valueRequired\":true,\"valueName\":\"search_term_string\"}}],\"inLanguage\":\"en-US\"},{\"@type\":\"Organization\",\"@id\":\"https:\\\/\\\/isf.fo\\\/#organization\",\"name\":\"\u00cdtr\u00f3ttasamband F\u00f8roya\",\"url\":\"https:\\\/\\\/isf.fo\\\/\",\"logo\":{\"@type\":\"ImageObject\",\"inLanguage\":\"en-US\",\"@id\":\"https:\\\/\\\/isf.fo\\\/#\\\/schema\\\/logo\\\/image\\\/\",\"url\":\"https:\\\/\\\/isf.fo\\\/wp-content\\\/uploads\\\/2025\\\/06\\\/ISF_Olympic-Committee-logo.png\",\"contentUrl\":\"https:\\\/\\\/isf.fo\\\/wp-content\\\/uploads\\\/2025\\\/06\\\/ISF_Olympic-Committee-logo.png\",\"width\":618,\"height\":121,\"caption\":\"\u00cdtr\u00f3ttasamband F\u00f8roya\"},\"image\":{\"@id\":\"https:\\\/\\\/isf.fo\\\/#\\\/schema\\\/logo\\\/image\\\/\"},\"sameAs\":[\"https:\\\/\\\/www.facebook.com\\\/itrottasambandid\"]}]}<\/script>\n<!-- \/ Yoast SEO plugin. -->","yoast_head_json":{"title":"Regluger\u00f0 EM og HM kappingar - \u00cdtr\u00f3ttasamband F\u00f8roya","robots":{"index":"index","follow":"follow","max-snippet":"max-snippet:-1","max-image-preview":"max-image-preview:large","max-video-preview":"max-video-preview:-1"},"canonical":"https:\/\/isf.fo\/en\/logir\/reglugerd-em-hm-kappingar\/","og_locale":"en_US","og_type":"article","og_title":"Regluger\u00f0 EM og HM kappingar - \u00cdtr\u00f3ttasamband F\u00f8roya","og_description":"Regluger\u00f0 fyri stu\u00f0ul til EM og HM kappingar Hendan regluger\u00f0 vi\u00f0ger\u00f0 treytir fyri at f\u00e1a peningaligan stu\u00f0ul til at luttaka [&hellip;]","og_url":"https:\/\/isf.fo\/en\/logir\/reglugerd-em-hm-kappingar\/","og_site_name":"\u00cdtr\u00f3ttasamband F\u00f8roya","article_publisher":"https:\/\/www.facebook.com\/itrottasambandid","article_modified_time":"2025-10-28T12:16:49+00:00","twitter_card":"summary_large_image","twitter_misc":{"Est. reading time":"2 minutes"},"schema":{"@context":"https:\/\/schema.org","@graph":[{"@type":"WebPage","@id":"https:\/\/isf.fo\/logir\/reglugerd-em-hm-kappingar\/","url":"https:\/\/isf.fo\/logir\/reglugerd-em-hm-kappingar\/","name":"Regluger\u00f0 EM og HM kappingar - \u00cdtr\u00f3ttasamband F\u00f8roya","isPartOf":{"@id":"https:\/\/isf.fo\/#website"},"datePublished":"2021-03-18T11:49:04+00:00","dateModified":"2025-10-28T12:16:49+00:00","breadcrumb":{"@id":"https:\/\/isf.fo\/logir\/reglugerd-em-hm-kappingar\/#breadcrumb"},"inLanguage":"en-US","potentialAction":[{"@type":"ReadAction","target":["https:\/\/isf.fo\/logir\/reglugerd-em-hm-kappingar\/"]}]},{"@type":"BreadcrumbList","@id":"https:\/\/isf.fo\/logir\/reglugerd-em-hm-kappingar\/#breadcrumb","itemListElement":[{"@type":"ListItem","position":1,"name":"Home","item":"https:\/\/isf.fo\/"},{"@type":"ListItem","position":2,"name":"L\u00f3gir","item":"https:\/\/isf.fo\/logir\/"},{"@type":"ListItem","position":3,"name":"Regluger\u00f0 EM og HM kappingar"}]},{"@type":"WebSite","@id":"https:\/\/isf.fo\/#website","url":"https:\/\/isf.fo\/","name":"\u00cdtr\u00f3ttasamband F\u00f8roya","description":"","publisher":{"@id":"https:\/\/isf.fo\/#organization"},"potentialAction":[{"@type":"SearchAction","target":{"@type":"EntryPoint","urlTemplate":"https:\/\/isf.fo\/?s={search_term_string}"},"query-input":{"@type":"PropertyValueSpecification","valueRequired":true,"valueName":"search_term_string"}}],"inLanguage":"en-US"},{"@type":"Organization","@id":"https:\/\/isf.fo\/#organization","name":"\u00cdtr\u00f3ttasamband F\u00f8roya","url":"https:\/\/isf.fo\/","logo":{"@type":"ImageObject","inLanguage":"en-US","@id":"https:\/\/isf.fo\/#\/schema\/logo\/image\/","url":"https:\/\/isf.fo\/wp-content\/uploads\/2025\/06\/ISF_Olympic-Committee-logo.png","contentUrl":"https:\/\/isf.fo\/wp-content\/uploads\/2025\/06\/ISF_Olympic-Committee-logo.png","width":618,"height":121,"caption":"\u00cdtr\u00f3ttasamband F\u00f8roya"},"image":{"@id":"https:\/\/isf.fo\/#\/schema\/logo\/image\/"},"sameAs":["https:\/\/www.facebook.com\/itrottasambandid"]}]}},"_links":{"self":[{"href":"https:\/\/isf.fo\/en\/wp-json\/wp\/v2\/pages\/8445","targetHints":{"allow":["GET"]}}],"collection":[{"href":"https:\/\/isf.fo\/en\/wp-json\/wp\/v2\/pages"}],"about":[{"href":"https:\/\/isf.fo\/en\/wp-json\/wp\/v2\/types\/page"}],"author":[{"embeddable":true,"href":"https:\/\/isf.fo\/en\/wp-json\/wp\/v2\/users\/7"}],"replies":[{"embeddable":true,"href":"https:\/\/isf.fo\/en\/wp-json\/wp\/v2\/comments?post=8445"}],"version-history":[{"count":18,"href":"https:\/\/isf.fo\/en\/wp-json\/wp\/v2\/pages\/8445\/revisions"}],"predecessor-version":[{"id":13123,"href":"https:\/\/isf.fo\/en\/wp-json\/wp\/v2\/pages\/8445\/revisions\/13123"}],"up":[{"embeddable":true,"href":"https:\/\/isf.fo\/en\/wp-json\/wp\/v2\/pages\/405"}],"wp:attachment":[{"href":"https:\/\/isf.fo\/en\/wp-json\/wp\/v2\/media?parent=8445"}],"curies":[{"name":"wp","href":"https:\/\/api.w.org\/{rel}","templated":true}]}}