{"id":8638,"date":"2021-06-02T10:27:58","date_gmt":"2021-06-02T10:27:58","guid":{"rendered":"https:\/\/isf.fo\/logir\/reglugerd-idkaranevnd\/"},"modified":"2023-05-03T10:33:23","modified_gmt":"2023-05-03T10:33:23","slug":"reglugerd-idkaranevnd","status":"publish","type":"page","link":"https:\/\/isf.fo\/en\/logir\/reglugerd-idkaranevnd\/","title":{"rendered":"Regluger\u00f0 \u00cd\u00f0karanevnd"},"content":{"rendered":"<h4 class=\"wp-block-heading\"><strong>Grein 1 &#8211; Heiti:<\/strong><\/h4>\n\n\n\n<p><em>Stk 1:<\/em> \u00cdtr\u00f3ttasamband F\u00f8roya hevur \u00cd\u00f0karanevnd \u00ed samsvar vi\u00f0 regluger\u00f0 hj\u00e1 IOC.<\/p>\n\n\n\n<h4 class=\"wp-block-heading\"><strong>Grein 2 &#8211; Endam\u00e1l:<\/strong><\/h4>\n\n\n\n<p><em>Stk 1:<\/em> Nevndin skal umbo\u00f0a sj\u00f3narmi\u00f0ini hj\u00e1 teimum aktivu \u00ed\u00f0karunum og er r\u00e1\u00f0gevandi hj\u00e1 starvsnevnd og undirnevndum \u00cdSF og \u00darval \u00ed vi\u00f0urskiftum hj\u00e1 \u00farvals\u00ed\u00f0karum.<\/p>\n\n\n\n<p><em>Stk 2:<\/em> Nevndin hevur fimm limir og ver\u00f0ur manna\u00f0 vi\u00f0 einum umbo\u00f0i fyri Parasport og f\u00fdra umbo\u00f0um fyri hini sambondini. Eitt samband kann bert hava eitt umbo\u00f0 \u00ed nevndini, og javnst\u00f8\u00f0a skal vera.<\/p>\n\n\n\n<h4 class=\"wp-block-heading\"><strong>Grein 3 &#8211; Val:<\/strong><\/h4>\n\n\n\n<p><em>Stk 1<\/em>: Valr\u00e6tt og valb\u00e6ri hava tey \u00edtr\u00f3ttaf\u00f3lk, sum eru fylt 18 \u00e1r, t\u00e1 tey hava umbo\u00f0a\u00f0 teirra \u00edtr\u00f3ttagrein \u00ed millumtj\u00f3\u00f0a ella altj\u00f3\u00f0a kappingum \u00ed mesta lagi seks \u00e1r undan uppstilling til val \u00ed nevndina.<\/p>\n\n\n\n<p><em>Stk 2:<\/em> Millumtj\u00f3\u00f0a og altj\u00f3\u00f0a kappingar eru at rokna: HM, EM, NM, Oyggjaleikir og a\u00f0rar opnar kappingar, sum altj\u00f3\u00f0a sambandi\u00f0 skipar fyri.<\/p>\n\n\n\n<p><em>Stk 3:<\/em> Sambondini seta fram uppskot um nevndarlimir. Sambond kunnu innstilla upp til tvey umbo\u00f0 hv\u00f8r, t\u00f3 vi\u00f0 teirra treyt, at tey tvey umbo\u00f0ini t\u00e1 hava hv\u00f8r s\u00edtt kyn.<\/p>\n\n\n\n<p><em>Stk 4:<\/em> \u00cd\u00f0karar kunnu sj\u00e1lvir stilla upp. Hertil krevst 10 stillarar, sum sj\u00e1lvir hava valr\u00e6tt.<\/p>\n\n\n\n<p><em>Stk 5:<\/em> Eru f\u00e6rri enn fimm \u00ed\u00f0karar, sum stilla upp,&nbsp; kann starvsnevndin velja valevni, sum uppfylla treytirnar \u00ed grein 3, stk. 1 og 2. Sama er galdandi um eingin er, i\u00f0 stillar upp fyri Parasport, og um f\u00e6rri enn tvey eru uppstilla\u00f0i av eina kyninum.<\/p>\n\n\n\n<p><em>Stk 6:<\/em> Fyrisiting \u00cdSF skipar vali\u00f0 samb\u00e6rt regluger\u00f0.<\/p>\n\n\n\n<h4 class=\"wp-block-heading\"><strong>Grein 4 &#8211; Valskei\u00f0:<\/strong><\/h4>\n\n\n\n<p>Valskei\u00f0i\u00f0 er f\u00fdra \u00e1r. T\u00f3 val anna\u00f0hv\u00f8rt \u00e1r so at hv\u00f8rji tvey \u00e1r eru \u00e1vikavist tveir og tr\u00edggir nevndarlimir fyri vali.<\/p>\n\n\n\n<h4 class=\"wp-block-heading\"><strong>Grein 5 &#8211; Innanh\u00fdsis skipan:<\/strong><\/h4>\n\n\n\n<p>Nevndin skipar seg sj\u00e1lv vi\u00f0 forf\u00f3lki og varaforf\u00f3lki og skrivara. Forf\u00f3lki f\u00e6r s\u00e6ti \u00ed starvsnevnd \u00cdSF.<\/p>\n\n\n\n<p><em>Stk 2: <\/em>Hildnir ver\u00f0a \u00ed minsta lagi f\u00fdra fundir hv\u00f8rt \u00e1r, og ger\u00f0ab\u00f3k ver\u00f0ur f\u00f8rd. Fyrisiting \u00cdSF er nevndini til hj\u00e1lpar.<\/p>\n\n\n\n<p><em>Stk 3:<\/em> T\u00e1 i\u00f0 atkv\u00f8tt ver\u00f0ur, er vanligur meiriluti galdandi. Stendur \u00e1 j\u00f8vnum \u00ed atkv\u00f8\u00f0ugrei\u00f0slu er atkv\u00f8\u00f0a forf\u00f3lksins avgerandi.<\/p>\n\n\n\n<p class=\"has-text-align-right\"><em>Samtykt \u00e1 a\u00f0alfundi 29. mai 2021, og seinast broytt av Starvsnevdn \u00cdSF 24. apr\u00edl 2023<\/em><\/p>\n\n\n\n<p><a href=\"https:\/\/d21ockg4ri0hhk.cloudfront.net\/wp-content\/uploads\/2023\/05\/03102403\/2023-04-24-Idkaranevnd.pdf\"><\/a><a href=\"https:\/\/d21ockg4ri0hhk.cloudfront.net\/wp-content\/uploads\/2023\/05\/03102403\/2023-04-24-Idkaranevnd.pdf\"><strong>Regluger\u00f0in fyri \u00cd\u00f0karanevndina sum pdf<\/strong><\/a><\/p>","protected":false},"excerpt":{"rendered":"<p>Grein 1 &#8211; Heiti: Stk 1: \u00cdtr\u00f3ttasamband F\u00f8roya hevur \u00cd\u00f0karanevnd \u00ed samsvar vi\u00f0 regluger\u00f0 hj\u00e1 IOC. Grein 2 &#8211; Endam\u00e1l: [&hellip;]<\/p>\n","protected":false},"author":7,"featured_media":0,"parent":405,"menu_order":18,"comment_status":"closed","ping_status":"closed","template":"","meta":{"_acf_changed":false,"_relevanssi_hide_post":"","_relevanssi_hide_content":"","_relevanssi_pin_for_all":"","_relevanssi_pin_keywords":"","_relevanssi_unpin_keywords":"","_relevanssi_related_keywords":"","_relevanssi_related_include_ids":"","_relevanssi_related_exclude_ids":"","_relevanssi_related_no_append":"","_relevanssi_related_not_related":"","_relevanssi_related_posts":"","_relevanssi_noindex_reason":"","inline_featured_image":false,"footnotes":""},"class_list":["post-8638","page","type-page","status-publish","hentry"],"acf":[],"yoast_head":"<!-- This site is optimized with the Yoast SEO plugin v27.5 - https:\/\/yoast.com\/product\/yoast-seo-wordpress\/ -->\n<title>Regluger\u00f0 \u00cd\u00f0karanevnd - \u00cdtr\u00f3ttasamband F\u00f8roya<\/title>\n<meta name=\"robots\" content=\"index, follow, max-snippet:-1, max-image-preview:large, max-video-preview:-1\" \/>\n<link rel=\"canonical\" href=\"https:\/\/isf.fo\/en\/logir\/reglugerd-idkaranevnd\/\" \/>\n<meta property=\"og:locale\" content=\"en_US\" \/>\n<meta property=\"og:type\" content=\"article\" \/>\n<meta property=\"og:title\" content=\"Regluger\u00f0 \u00cd\u00f0karanevnd - \u00cdtr\u00f3ttasamband F\u00f8roya\" \/>\n<meta property=\"og:description\" content=\"Grein 1 &#8211; Heiti: Stk 1: \u00cdtr\u00f3ttasamband F\u00f8roya hevur \u00cd\u00f0karanevnd \u00ed samsvar vi\u00f0 regluger\u00f0 hj\u00e1 IOC. Grein 2 &#8211; Endam\u00e1l: [&hellip;]\" \/>\n<meta property=\"og:url\" content=\"https:\/\/isf.fo\/en\/logir\/reglugerd-idkaranevnd\/\" \/>\n<meta property=\"og:site_name\" content=\"\u00cdtr\u00f3ttasamband F\u00f8roya\" \/>\n<meta property=\"article:publisher\" content=\"https:\/\/www.facebook.com\/itrottasambandid\" \/>\n<meta property=\"article:modified_time\" content=\"2023-05-03T10:33:23+00:00\" \/>\n<meta name=\"twitter:card\" content=\"summary_large_image\" \/>\n<meta name=\"twitter:label1\" content=\"Est. reading time\" \/>\n\t<meta name=\"twitter:data1\" content=\"2 minutes\" \/>\n<script type=\"application\/ld+json\" class=\"yoast-schema-graph\">{\"@context\":\"https:\\\/\\\/schema.org\",\"@graph\":[{\"@type\":\"WebPage\",\"@id\":\"https:\\\/\\\/isf.fo\\\/logir\\\/reglugerd-idkaranevnd\\\/\",\"url\":\"https:\\\/\\\/isf.fo\\\/logir\\\/reglugerd-idkaranevnd\\\/\",\"name\":\"Regluger\u00f0 \u00cd\u00f0karanevnd - \u00cdtr\u00f3ttasamband F\u00f8roya\",\"isPartOf\":{\"@id\":\"https:\\\/\\\/isf.fo\\\/#website\"},\"datePublished\":\"2021-06-02T10:27:58+00:00\",\"dateModified\":\"2023-05-03T10:33:23+00:00\",\"breadcrumb\":{\"@id\":\"https:\\\/\\\/isf.fo\\\/logir\\\/reglugerd-idkaranevnd\\\/#breadcrumb\"},\"inLanguage\":\"en-US\",\"potentialAction\":[{\"@type\":\"ReadAction\",\"target\":[\"https:\\\/\\\/isf.fo\\\/logir\\\/reglugerd-idkaranevnd\\\/\"]}]},{\"@type\":\"BreadcrumbList\",\"@id\":\"https:\\\/\\\/isf.fo\\\/logir\\\/reglugerd-idkaranevnd\\\/#breadcrumb\",\"itemListElement\":[{\"@type\":\"ListItem\",\"position\":1,\"name\":\"Home\",\"item\":\"https:\\\/\\\/isf.fo\\\/\"},{\"@type\":\"ListItem\",\"position\":2,\"name\":\"L\u00f3gir\",\"item\":\"https:\\\/\\\/isf.fo\\\/logir\\\/\"},{\"@type\":\"ListItem\",\"position\":3,\"name\":\"Regluger\u00f0 \u00cd\u00f0karanevnd\"}]},{\"@type\":\"WebSite\",\"@id\":\"https:\\\/\\\/isf.fo\\\/#website\",\"url\":\"https:\\\/\\\/isf.fo\\\/\",\"name\":\"\u00cdtr\u00f3ttasamband F\u00f8roya\",\"description\":\"\",\"publisher\":{\"@id\":\"https:\\\/\\\/isf.fo\\\/#organization\"},\"potentialAction\":[{\"@type\":\"SearchAction\",\"target\":{\"@type\":\"EntryPoint\",\"urlTemplate\":\"https:\\\/\\\/isf.fo\\\/?s={search_term_string}\"},\"query-input\":{\"@type\":\"PropertyValueSpecification\",\"valueRequired\":true,\"valueName\":\"search_term_string\"}}],\"inLanguage\":\"en-US\"},{\"@type\":\"Organization\",\"@id\":\"https:\\\/\\\/isf.fo\\\/#organization\",\"name\":\"\u00cdtr\u00f3ttasamband F\u00f8roya\",\"url\":\"https:\\\/\\\/isf.fo\\\/\",\"logo\":{\"@type\":\"ImageObject\",\"inLanguage\":\"en-US\",\"@id\":\"https:\\\/\\\/isf.fo\\\/#\\\/schema\\\/logo\\\/image\\\/\",\"url\":\"https:\\\/\\\/isf.fo\\\/wp-content\\\/uploads\\\/2025\\\/06\\\/ISF_Olympic-Committee-logo.png\",\"contentUrl\":\"https:\\\/\\\/isf.fo\\\/wp-content\\\/uploads\\\/2025\\\/06\\\/ISF_Olympic-Committee-logo.png\",\"width\":618,\"height\":121,\"caption\":\"\u00cdtr\u00f3ttasamband F\u00f8roya\"},\"image\":{\"@id\":\"https:\\\/\\\/isf.fo\\\/#\\\/schema\\\/logo\\\/image\\\/\"},\"sameAs\":[\"https:\\\/\\\/www.facebook.com\\\/itrottasambandid\"]}]}<\/script>\n<!-- \/ Yoast SEO plugin. -->","yoast_head_json":{"title":"Regluger\u00f0 \u00cd\u00f0karanevnd - \u00cdtr\u00f3ttasamband F\u00f8roya","robots":{"index":"index","follow":"follow","max-snippet":"max-snippet:-1","max-image-preview":"max-image-preview:large","max-video-preview":"max-video-preview:-1"},"canonical":"https:\/\/isf.fo\/en\/logir\/reglugerd-idkaranevnd\/","og_locale":"en_US","og_type":"article","og_title":"Regluger\u00f0 \u00cd\u00f0karanevnd - \u00cdtr\u00f3ttasamband F\u00f8roya","og_description":"Grein 1 &#8211; Heiti: Stk 1: \u00cdtr\u00f3ttasamband F\u00f8roya hevur \u00cd\u00f0karanevnd \u00ed samsvar vi\u00f0 regluger\u00f0 hj\u00e1 IOC. Grein 2 &#8211; Endam\u00e1l: [&hellip;]","og_url":"https:\/\/isf.fo\/en\/logir\/reglugerd-idkaranevnd\/","og_site_name":"\u00cdtr\u00f3ttasamband F\u00f8roya","article_publisher":"https:\/\/www.facebook.com\/itrottasambandid","article_modified_time":"2023-05-03T10:33:23+00:00","twitter_card":"summary_large_image","twitter_misc":{"Est. reading time":"2 minutes"},"schema":{"@context":"https:\/\/schema.org","@graph":[{"@type":"WebPage","@id":"https:\/\/isf.fo\/logir\/reglugerd-idkaranevnd\/","url":"https:\/\/isf.fo\/logir\/reglugerd-idkaranevnd\/","name":"Regluger\u00f0 \u00cd\u00f0karanevnd - \u00cdtr\u00f3ttasamband F\u00f8roya","isPartOf":{"@id":"https:\/\/isf.fo\/#website"},"datePublished":"2021-06-02T10:27:58+00:00","dateModified":"2023-05-03T10:33:23+00:00","breadcrumb":{"@id":"https:\/\/isf.fo\/logir\/reglugerd-idkaranevnd\/#breadcrumb"},"inLanguage":"en-US","potentialAction":[{"@type":"ReadAction","target":["https:\/\/isf.fo\/logir\/reglugerd-idkaranevnd\/"]}]},{"@type":"BreadcrumbList","@id":"https:\/\/isf.fo\/logir\/reglugerd-idkaranevnd\/#breadcrumb","itemListElement":[{"@type":"ListItem","position":1,"name":"Home","item":"https:\/\/isf.fo\/"},{"@type":"ListItem","position":2,"name":"L\u00f3gir","item":"https:\/\/isf.fo\/logir\/"},{"@type":"ListItem","position":3,"name":"Regluger\u00f0 \u00cd\u00f0karanevnd"}]},{"@type":"WebSite","@id":"https:\/\/isf.fo\/#website","url":"https:\/\/isf.fo\/","name":"\u00cdtr\u00f3ttasamband F\u00f8roya","description":"","publisher":{"@id":"https:\/\/isf.fo\/#organization"},"potentialAction":[{"@type":"SearchAction","target":{"@type":"EntryPoint","urlTemplate":"https:\/\/isf.fo\/?s={search_term_string}"},"query-input":{"@type":"PropertyValueSpecification","valueRequired":true,"valueName":"search_term_string"}}],"inLanguage":"en-US"},{"@type":"Organization","@id":"https:\/\/isf.fo\/#organization","name":"\u00cdtr\u00f3ttasamband F\u00f8roya","url":"https:\/\/isf.fo\/","logo":{"@type":"ImageObject","inLanguage":"en-US","@id":"https:\/\/isf.fo\/#\/schema\/logo\/image\/","url":"https:\/\/isf.fo\/wp-content\/uploads\/2025\/06\/ISF_Olympic-Committee-logo.png","contentUrl":"https:\/\/isf.fo\/wp-content\/uploads\/2025\/06\/ISF_Olympic-Committee-logo.png","width":618,"height":121,"caption":"\u00cdtr\u00f3ttasamband F\u00f8roya"},"image":{"@id":"https:\/\/isf.fo\/#\/schema\/logo\/image\/"},"sameAs":["https:\/\/www.facebook.com\/itrottasambandid"]}]}},"_links":{"self":[{"href":"https:\/\/isf.fo\/en\/wp-json\/wp\/v2\/pages\/8638","targetHints":{"allow":["GET"]}}],"collection":[{"href":"https:\/\/isf.fo\/en\/wp-json\/wp\/v2\/pages"}],"about":[{"href":"https:\/\/isf.fo\/en\/wp-json\/wp\/v2\/types\/page"}],"author":[{"embeddable":true,"href":"https:\/\/isf.fo\/en\/wp-json\/wp\/v2\/users\/7"}],"replies":[{"embeddable":true,"href":"https:\/\/isf.fo\/en\/wp-json\/wp\/v2\/comments?post=8638"}],"version-history":[{"count":7,"href":"https:\/\/isf.fo\/en\/wp-json\/wp\/v2\/pages\/8638\/revisions"}],"predecessor-version":[{"id":10802,"href":"https:\/\/isf.fo\/en\/wp-json\/wp\/v2\/pages\/8638\/revisions\/10802"}],"up":[{"embeddable":true,"href":"https:\/\/isf.fo\/en\/wp-json\/wp\/v2\/pages\/405"}],"wp:attachment":[{"href":"https:\/\/isf.fo\/en\/wp-json\/wp\/v2\/media?parent=8638"}],"curies":[{"name":"wp","href":"https:\/\/api.w.org\/{rel}","templated":true}]}}