{"id":8650,"date":"2021-06-02T11:00:58","date_gmt":"2021-06-02T11:00:58","guid":{"rendered":"https:\/\/isf.fo\/logir\/reglugerd-fyri-heidursmerki\/"},"modified":"2021-06-02T11:09:45","modified_gmt":"2021-06-02T11:09:45","slug":"reglugerd-fyri-heidursmerki","status":"publish","type":"page","link":"https:\/\/isf.fo\/en\/logir\/reglugerd-fyri-heidursmerki\/","title":{"rendered":"Regluger\u00f0 fyri hei\u00f0ursmerki"},"content":{"rendered":"<p>Starvsnevndin kann hei\u00f0ra pers\u00f3nar samb\u00e6rt reglunum \u00ed hesi regluger\u00f0.<\/p>\n\n\n\n<p><strong>Grein 1<\/strong><\/p>\n\n\n\n<p>\u00cdSF handar hesi hei\u00f0ursmerki:<\/p>\n\n\n\n<ol class=\"wp-block-list\" type=\"I\"><li>Hei\u00f0urskrossur<\/li><li>Gullmerki vi\u00f0 bj\u00e1lka<\/li><li>Gulln\u00e1l<\/li><li>Silvurn\u00e1l<\/li><\/ol>\n\n\n\n<p><strong>Grein 2<\/strong><\/p>\n\n\n\n<p><a><span class=\"has-inline-color has-black-color\">Hei\u00f0urskrossur kann ver\u00f0a latin t\u00ed, sum hevur t\u00e6nt f\u00f8royskari \u00edtr\u00f3tt \u00e1 serstakan og t\u00fddningarmiklan h\u00e1tt ella hevur uppibori\u00f0 serligan hei\u00f0ur fyri dr\u00fagt\u00a0\u00f3sj\u00e1lvs\u00f8ki\u00f0 virki\u00f0 innan \u00cdSF, sambond tess ella fel\u00f8g teirra.<\/span><\/a><\/p>\n\n\n\n<p><strong>Grein 3<\/strong><\/p>\n\n\n\n<p>Gullmerki vi\u00f0 bj\u00e1lka ver\u00f0ur latin forsetum og hei\u00f0urslimum \u00ed \u00cdSF. Forsetar f\u00e1a handa\u00f0 gullmerki\u00f0 \u00e1 t\u00ed a\u00f0alfundi, teir ver\u00f0a valdir. Hei\u00f0urslimir f\u00e1a handa\u00f0 gullmerki\u00f0 \u00ed sambandi vi\u00f0 tilnevning til hei\u00f0urslim.<\/p>\n\n\n\n<p><strong>Grein 4<\/strong><\/p>\n\n\n\n<p>Gulln\u00e1l ver\u00f0ur latin teimum, i\u00f0 hava siti\u00f0 sum formenn ella forkvinnur \u00ed einum sambandi innan \u00cdSF \u00ed fimm \u00e1r, og ver\u00f0ur handa\u00f0 \u00e1 a\u00f0alfundinum hj\u00e1 \u00cdSF.<\/p>\n\n\n\n<p>Gulln\u00e1lin kann eisini ver\u00f0a givin teimum, i\u00f0 hava gj\u00f8rt eitt munagott arbei\u00f0i til frama fyri f\u00f8royska \u00edtr\u00f3tt.<\/p>\n\n\n\n<p><strong>Grein 5<\/strong><\/p>\n\n\n\n<p>Silvurn\u00e1lin ver\u00f0ur latin forkvinnum og -monnum \u00ed sambondum innan \u00cdSF \u00e1 fyrsta a\u00f0alfundi hj\u00e1 \u00cdSF eftir val, og starvsnevndarlimir hj\u00e1 \u00cdSF f\u00e1a n\u00e1lina \u00e1 t\u00ed a\u00f0alfundinum, har teir ver\u00f0a valdir. Silvurn\u00e1lin ver\u00f0ur somulei\u00f0is latin nevndarlimum, sum hava siti\u00f0 \u00ed meira enn fimm \u00e1r \u00ed a\u00f0alnevnd \u00ed sambondum.<\/p>\n\n\n\n<p>Silvurn\u00e1lin kann eisini ver\u00f0a latin teimum, i\u00f0 hava uppibori\u00f0 hei\u00f0ur fyri stu\u00f0ul og \u00e1huga \u00edtr\u00f3ttini at frama.<\/p>\n\n\n\n<p><strong>Grein 6<\/strong><\/p>\n\n\n\n<p>Fel\u00f8g undir einum sambandi og sambond \u00ed \u00cdSF kunnu koma vi\u00f0 uppskoti um hv\u00f8r, eftir teirra metan, hevur uppibori\u00f0 at f\u00e1a hei\u00f0urskross, gulln\u00e1l ella silvurn\u00e1l. Uppskoti\u00f0 skal vera grundgivi\u00f0 og sendast fyrisiting \u00cdSF.<\/p>\n\n\n\n<p>Starvsnevndin avger, hv\u00f8r f\u00e6r hei\u00f0ursmerki.<\/p>\n\n\n\n<p><strong>Grein 7&nbsp;<\/strong><\/p>\n\n\n\n<p>Forsetin, ella um honum berst fr\u00e1, varaforsetin, handar hei\u00f0urskross til tann, i\u00f0 hei\u00f0urin ver\u00f0ur givin, og gullmerki vi\u00f0 bj\u00e1lka til hei\u00f0urslim. A\u00f0alskrivarin handar gullmerki vi\u00f0 bj\u00e1lka til n\u00fdvaldan forseta.<\/p>\n\n\n\n<p>Forseti, varaforseti, starvsnevndarlimir ella forkvinnur og -menn \u00ed vi\u00f0komandi sambandi handa gull og silvurn\u00e1l.&nbsp;<\/p>\n\n\n\n<p><strong>Grein 8&nbsp;<\/strong><\/p>\n\n\n\n<p>Fyrisitingin hj\u00e1 \u00cdSF skr\u00e1setur, hv\u00f8r hevur m\u00f3ttiki\u00f0 hei\u00f0ursmerki umframt grundgevingar fyri handanina. Dagf\u00f8rt yvirlit er t\u00f8kt \u00e1 heimas\u00ed\u00f0u \u00cdSF. <\/p>\n\n\n\n<p><em>Samtykt \u00e1 a\u00f0alfundi 29. mai 2021.<\/em><\/p>\n\n\n\n<p><strong><a href=\"https:\/\/d21ockg4ri0hhk.cloudfront.net\/wp-content\/uploads\/2021\/06\/30192451\/2021-05-29-Reglugerd-um-heidursmerkir.pdf\">Regluger\u00f0in sum pdf<\/a><\/strong><\/p>\n\n\n\n<p><strong>Hei\u00f0urstekin<\/strong>:<\/p>\n\n\n\n<p><em>Hei\u00f0urskrossur<\/em> er l\u00edkabeintur krossur vi\u00f0 \u00cdSF b\u00famerki \u00ed mi\u00f0juni. Krossurin ver\u00f0ur borin \u00ed bandi lita\u00f0 vi\u00f0 f\u00f8roysku flagglitunum.<\/p>\n\n\n\n<p><em>Gullmerki vi\u00f0 bj\u00e1lka<\/em> er bj\u00e1lki \u00far hv\u00edtagulli, har gylt \u00cdSF b\u00famerki er kn\u00fdtt at vi\u00f0 tveimum gyltum ketum.<\/p>\n\n\n\n<p><em>Gulln\u00e1lin<\/em> er n\u00e1l \u00far hv\u00edtagulli, har gylt \u00cdSF b\u00famerki er fest \u00e1.<\/p>\n\n\n\n<p><em>Silvurn\u00e1lin<\/em> er n\u00e1l \u00far silvuri, har \u00cdSF b\u00famerki \u00far silvuri er fest \u00e1.<\/p>","protected":false},"excerpt":{"rendered":"<p>Starvsnevndin kann hei\u00f0ra pers\u00f3nar samb\u00e6rt reglunum \u00ed hesi regluger\u00f0. Grein 1 \u00cdSF handar hesi hei\u00f0ursmerki: Hei\u00f0urskrossur Gullmerki vi\u00f0 bj\u00e1lka Gulln\u00e1l [&hellip;]<\/p>\n","protected":false},"author":7,"featured_media":0,"parent":405,"menu_order":19,"comment_status":"closed","ping_status":"closed","template":"","meta":{"_acf_changed":false,"_relevanssi_hide_post":"","_relevanssi_hide_content":"","_relevanssi_pin_for_all":"","_relevanssi_pin_keywords":"","_relevanssi_unpin_keywords":"","_relevanssi_related_keywords":"","_relevanssi_related_include_ids":"","_relevanssi_related_exclude_ids":"","_relevanssi_related_no_append":"","_relevanssi_related_not_related":"","_relevanssi_related_posts":"","_relevanssi_noindex_reason":"","inline_featured_image":false,"footnotes":""},"class_list":["post-8650","page","type-page","status-publish","hentry"],"acf":[],"yoast_head":"<!-- This site is optimized with the Yoast SEO plugin v27.5 - https:\/\/yoast.com\/product\/yoast-seo-wordpress\/ -->\n<title>Regluger\u00f0 fyri hei\u00f0ursmerki - \u00cdtr\u00f3ttasamband F\u00f8roya<\/title>\n<meta name=\"robots\" content=\"index, follow, max-snippet:-1, max-image-preview:large, max-video-preview:-1\" \/>\n<link rel=\"canonical\" href=\"https:\/\/isf.fo\/en\/logir\/reglugerd-fyri-heidursmerki\/\" \/>\n<meta property=\"og:locale\" content=\"en_US\" \/>\n<meta property=\"og:type\" content=\"article\" \/>\n<meta property=\"og:title\" content=\"Regluger\u00f0 fyri hei\u00f0ursmerki - \u00cdtr\u00f3ttasamband F\u00f8roya\" \/>\n<meta property=\"og:description\" content=\"Starvsnevndin kann hei\u00f0ra pers\u00f3nar samb\u00e6rt reglunum \u00ed hesi regluger\u00f0. Grein 1 \u00cdSF handar hesi hei\u00f0ursmerki: Hei\u00f0urskrossur Gullmerki vi\u00f0 bj\u00e1lka Gulln\u00e1l [&hellip;]\" \/>\n<meta property=\"og:url\" content=\"https:\/\/isf.fo\/en\/logir\/reglugerd-fyri-heidursmerki\/\" \/>\n<meta property=\"og:site_name\" content=\"\u00cdtr\u00f3ttasamband F\u00f8roya\" \/>\n<meta property=\"article:publisher\" content=\"https:\/\/www.facebook.com\/itrottasambandid\" \/>\n<meta property=\"article:modified_time\" content=\"2021-06-02T11:09:45+00:00\" \/>\n<meta name=\"twitter:card\" content=\"summary_large_image\" \/>\n<meta name=\"twitter:label1\" content=\"Est. reading time\" \/>\n\t<meta name=\"twitter:data1\" content=\"2 minutes\" \/>\n<script type=\"application\/ld+json\" class=\"yoast-schema-graph\">{\"@context\":\"https:\\\/\\\/schema.org\",\"@graph\":[{\"@type\":\"WebPage\",\"@id\":\"https:\\\/\\\/isf.fo\\\/logir\\\/reglugerd-fyri-heidursmerki\\\/\",\"url\":\"https:\\\/\\\/isf.fo\\\/logir\\\/reglugerd-fyri-heidursmerki\\\/\",\"name\":\"Regluger\u00f0 fyri hei\u00f0ursmerki - \u00cdtr\u00f3ttasamband F\u00f8roya\",\"isPartOf\":{\"@id\":\"https:\\\/\\\/isf.fo\\\/#website\"},\"datePublished\":\"2021-06-02T11:00:58+00:00\",\"dateModified\":\"2021-06-02T11:09:45+00:00\",\"breadcrumb\":{\"@id\":\"https:\\\/\\\/isf.fo\\\/logir\\\/reglugerd-fyri-heidursmerki\\\/#breadcrumb\"},\"inLanguage\":\"en-US\",\"potentialAction\":[{\"@type\":\"ReadAction\",\"target\":[\"https:\\\/\\\/isf.fo\\\/logir\\\/reglugerd-fyri-heidursmerki\\\/\"]}]},{\"@type\":\"BreadcrumbList\",\"@id\":\"https:\\\/\\\/isf.fo\\\/logir\\\/reglugerd-fyri-heidursmerki\\\/#breadcrumb\",\"itemListElement\":[{\"@type\":\"ListItem\",\"position\":1,\"name\":\"Home\",\"item\":\"https:\\\/\\\/isf.fo\\\/\"},{\"@type\":\"ListItem\",\"position\":2,\"name\":\"L\u00f3gir\",\"item\":\"https:\\\/\\\/isf.fo\\\/logir\\\/\"},{\"@type\":\"ListItem\",\"position\":3,\"name\":\"Regluger\u00f0 fyri hei\u00f0ursmerki\"}]},{\"@type\":\"WebSite\",\"@id\":\"https:\\\/\\\/isf.fo\\\/#website\",\"url\":\"https:\\\/\\\/isf.fo\\\/\",\"name\":\"\u00cdtr\u00f3ttasamband F\u00f8roya\",\"description\":\"\",\"publisher\":{\"@id\":\"https:\\\/\\\/isf.fo\\\/#organization\"},\"potentialAction\":[{\"@type\":\"SearchAction\",\"target\":{\"@type\":\"EntryPoint\",\"urlTemplate\":\"https:\\\/\\\/isf.fo\\\/?s={search_term_string}\"},\"query-input\":{\"@type\":\"PropertyValueSpecification\",\"valueRequired\":true,\"valueName\":\"search_term_string\"}}],\"inLanguage\":\"en-US\"},{\"@type\":\"Organization\",\"@id\":\"https:\\\/\\\/isf.fo\\\/#organization\",\"name\":\"\u00cdtr\u00f3ttasamband F\u00f8roya\",\"url\":\"https:\\\/\\\/isf.fo\\\/\",\"logo\":{\"@type\":\"ImageObject\",\"inLanguage\":\"en-US\",\"@id\":\"https:\\\/\\\/isf.fo\\\/#\\\/schema\\\/logo\\\/image\\\/\",\"url\":\"https:\\\/\\\/isf.fo\\\/wp-content\\\/uploads\\\/2025\\\/06\\\/ISF_Olympic-Committee-logo.png\",\"contentUrl\":\"https:\\\/\\\/isf.fo\\\/wp-content\\\/uploads\\\/2025\\\/06\\\/ISF_Olympic-Committee-logo.png\",\"width\":618,\"height\":121,\"caption\":\"\u00cdtr\u00f3ttasamband F\u00f8roya\"},\"image\":{\"@id\":\"https:\\\/\\\/isf.fo\\\/#\\\/schema\\\/logo\\\/image\\\/\"},\"sameAs\":[\"https:\\\/\\\/www.facebook.com\\\/itrottasambandid\"]}]}<\/script>\n<!-- \/ Yoast SEO plugin. -->","yoast_head_json":{"title":"Regluger\u00f0 fyri hei\u00f0ursmerki - \u00cdtr\u00f3ttasamband F\u00f8roya","robots":{"index":"index","follow":"follow","max-snippet":"max-snippet:-1","max-image-preview":"max-image-preview:large","max-video-preview":"max-video-preview:-1"},"canonical":"https:\/\/isf.fo\/en\/logir\/reglugerd-fyri-heidursmerki\/","og_locale":"en_US","og_type":"article","og_title":"Regluger\u00f0 fyri hei\u00f0ursmerki - \u00cdtr\u00f3ttasamband F\u00f8roya","og_description":"Starvsnevndin kann hei\u00f0ra pers\u00f3nar samb\u00e6rt reglunum \u00ed hesi regluger\u00f0. Grein 1 \u00cdSF handar hesi hei\u00f0ursmerki: Hei\u00f0urskrossur Gullmerki vi\u00f0 bj\u00e1lka Gulln\u00e1l [&hellip;]","og_url":"https:\/\/isf.fo\/en\/logir\/reglugerd-fyri-heidursmerki\/","og_site_name":"\u00cdtr\u00f3ttasamband F\u00f8roya","article_publisher":"https:\/\/www.facebook.com\/itrottasambandid","article_modified_time":"2021-06-02T11:09:45+00:00","twitter_card":"summary_large_image","twitter_misc":{"Est. reading time":"2 minutes"},"schema":{"@context":"https:\/\/schema.org","@graph":[{"@type":"WebPage","@id":"https:\/\/isf.fo\/logir\/reglugerd-fyri-heidursmerki\/","url":"https:\/\/isf.fo\/logir\/reglugerd-fyri-heidursmerki\/","name":"Regluger\u00f0 fyri hei\u00f0ursmerki - \u00cdtr\u00f3ttasamband F\u00f8roya","isPartOf":{"@id":"https:\/\/isf.fo\/#website"},"datePublished":"2021-06-02T11:00:58+00:00","dateModified":"2021-06-02T11:09:45+00:00","breadcrumb":{"@id":"https:\/\/isf.fo\/logir\/reglugerd-fyri-heidursmerki\/#breadcrumb"},"inLanguage":"en-US","potentialAction":[{"@type":"ReadAction","target":["https:\/\/isf.fo\/logir\/reglugerd-fyri-heidursmerki\/"]}]},{"@type":"BreadcrumbList","@id":"https:\/\/isf.fo\/logir\/reglugerd-fyri-heidursmerki\/#breadcrumb","itemListElement":[{"@type":"ListItem","position":1,"name":"Home","item":"https:\/\/isf.fo\/"},{"@type":"ListItem","position":2,"name":"L\u00f3gir","item":"https:\/\/isf.fo\/logir\/"},{"@type":"ListItem","position":3,"name":"Regluger\u00f0 fyri hei\u00f0ursmerki"}]},{"@type":"WebSite","@id":"https:\/\/isf.fo\/#website","url":"https:\/\/isf.fo\/","name":"\u00cdtr\u00f3ttasamband F\u00f8roya","description":"","publisher":{"@id":"https:\/\/isf.fo\/#organization"},"potentialAction":[{"@type":"SearchAction","target":{"@type":"EntryPoint","urlTemplate":"https:\/\/isf.fo\/?s={search_term_string}"},"query-input":{"@type":"PropertyValueSpecification","valueRequired":true,"valueName":"search_term_string"}}],"inLanguage":"en-US"},{"@type":"Organization","@id":"https:\/\/isf.fo\/#organization","name":"\u00cdtr\u00f3ttasamband F\u00f8roya","url":"https:\/\/isf.fo\/","logo":{"@type":"ImageObject","inLanguage":"en-US","@id":"https:\/\/isf.fo\/#\/schema\/logo\/image\/","url":"https:\/\/isf.fo\/wp-content\/uploads\/2025\/06\/ISF_Olympic-Committee-logo.png","contentUrl":"https:\/\/isf.fo\/wp-content\/uploads\/2025\/06\/ISF_Olympic-Committee-logo.png","width":618,"height":121,"caption":"\u00cdtr\u00f3ttasamband F\u00f8roya"},"image":{"@id":"https:\/\/isf.fo\/#\/schema\/logo\/image\/"},"sameAs":["https:\/\/www.facebook.com\/itrottasambandid"]}]}},"_links":{"self":[{"href":"https:\/\/isf.fo\/en\/wp-json\/wp\/v2\/pages\/8650","targetHints":{"allow":["GET"]}}],"collection":[{"href":"https:\/\/isf.fo\/en\/wp-json\/wp\/v2\/pages"}],"about":[{"href":"https:\/\/isf.fo\/en\/wp-json\/wp\/v2\/types\/page"}],"author":[{"embeddable":true,"href":"https:\/\/isf.fo\/en\/wp-json\/wp\/v2\/users\/7"}],"replies":[{"embeddable":true,"href":"https:\/\/isf.fo\/en\/wp-json\/wp\/v2\/comments?post=8650"}],"version-history":[{"count":3,"href":"https:\/\/isf.fo\/en\/wp-json\/wp\/v2\/pages\/8650\/revisions"}],"predecessor-version":[{"id":8656,"href":"https:\/\/isf.fo\/en\/wp-json\/wp\/v2\/pages\/8650\/revisions\/8656"}],"up":[{"embeddable":true,"href":"https:\/\/isf.fo\/en\/wp-json\/wp\/v2\/pages\/405"}],"wp:attachment":[{"href":"https:\/\/isf.fo\/en\/wp-json\/wp\/v2\/media?parent=8650"}],"curies":[{"name":"wp","href":"https:\/\/api.w.org\/{rel}","templated":true}]}}