{"id":9734,"date":"2022-02-28T09:36:47","date_gmt":"2022-02-28T09:36:47","guid":{"rendered":"https:\/\/isf.fo\/bygnadur\/nevndir\/idkaranevnd\/signhild-joensen-ssf\/"},"modified":"2022-02-28T09:58:35","modified_gmt":"2022-02-28T09:58:35","slug":"signhild-joensen-ssf","status":"publish","type":"page","link":"https:\/\/isf.fo\/en\/bygnadur\/nevndir\/idkaranevnd\/signhild-joensen-ssf\/","title":{"rendered":"Signhild Joensen, SSF"},"content":{"rendered":"<p><a href=\"https:\/\/www.instagram.com\/signhildjoensen\/\"><strong>www.instagram.com\/signhildjoensen\/<\/strong><\/a><\/p>","protected":false},"excerpt":{"rendered":"<p>www.instagram.com\/signhildjoensen\/<\/p>","protected":false},"author":7,"featured_media":9740,"parent":9700,"menu_order":1,"comment_status":"closed","ping_status":"closed","template":"","meta":{"_acf_changed":false,"_relevanssi_hide_post":"","_relevanssi_hide_content":"","_relevanssi_pin_for_all":"","_relevanssi_pin_keywords":"","_relevanssi_unpin_keywords":"","_relevanssi_related_keywords":"","_relevanssi_related_include_ids":"","_relevanssi_related_exclude_ids":"","_relevanssi_related_no_append":"","_relevanssi_related_not_related":"","_relevanssi_related_posts":"","_relevanssi_noindex_reason":"","inline_featured_image":false,"footnotes":""},"class_list":["post-9734","page","type-page","status-publish","has-post-thumbnail","hentry"],"acf":[],"yoast_head":"<!-- This site is optimized with the Yoast SEO plugin v27.5 - https:\/\/yoast.com\/product\/yoast-seo-wordpress\/ -->\n<title>Signhild Joensen, SSF - \u00cdtr\u00f3ttasamband F\u00f8roya<\/title>\n<meta name=\"robots\" content=\"index, follow, max-snippet:-1, max-image-preview:large, max-video-preview:-1\" \/>\n<link rel=\"canonical\" href=\"https:\/\/isf.fo\/en\/bygnadur\/nevndir\/idkaranevnd\/signhild-joensen-ssf\/\" \/>\n<meta property=\"og:locale\" content=\"en_US\" \/>\n<meta property=\"og:type\" content=\"article\" \/>\n<meta property=\"og:title\" content=\"Signhild Joensen, SSF - \u00cdtr\u00f3ttasamband F\u00f8roya\" \/>\n<meta property=\"og:description\" content=\"www.instagram.com\/signhildjoensen\/\" \/>\n<meta property=\"og:url\" content=\"https:\/\/isf.fo\/en\/bygnadur\/nevndir\/idkaranevnd\/signhild-joensen-ssf\/\" \/>\n<meta property=\"og:site_name\" content=\"\u00cdtr\u00f3ttasamband F\u00f8roya\" \/>\n<meta property=\"article:publisher\" content=\"https:\/\/www.facebook.com\/itrottasambandid\" \/>\n<meta property=\"article:modified_time\" content=\"2022-02-28T09:58:35+00:00\" \/>\n<meta property=\"og:image\" content=\"https:\/\/d21ockg4ri0hhk.cloudfront.net\/wp-content\/uploads\/2022\/02\/30192000\/2022-02-28-Signhild_SSF-1.png\" \/>\n\t<meta property=\"og:image:width\" content=\"1015\" \/>\n\t<meta property=\"og:image:height\" content=\"623\" \/>\n\t<meta property=\"og:image:type\" content=\"image\/png\" \/>\n<meta name=\"twitter:card\" content=\"summary_large_image\" \/>\n<script type=\"application\/ld+json\" class=\"yoast-schema-graph\">{\"@context\":\"https:\\\/\\\/schema.org\",\"@graph\":[{\"@type\":\"WebPage\",\"@id\":\"https:\\\/\\\/isf.fo\\\/bygnadur\\\/nevndir\\\/idkaranevnd\\\/signhild-joensen-ssf\\\/\",\"url\":\"https:\\\/\\\/isf.fo\\\/bygnadur\\\/nevndir\\\/idkaranevnd\\\/signhild-joensen-ssf\\\/\",\"name\":\"Signhild Joensen, SSF - \u00cdtr\u00f3ttasamband F\u00f8roya\",\"isPartOf\":{\"@id\":\"https:\\\/\\\/isf.fo\\\/#website\"},\"primaryImageOfPage\":{\"@id\":\"https:\\\/\\\/isf.fo\\\/bygnadur\\\/nevndir\\\/idkaranevnd\\\/signhild-joensen-ssf\\\/#primaryimage\"},\"image\":{\"@id\":\"https:\\\/\\\/isf.fo\\\/bygnadur\\\/nevndir\\\/idkaranevnd\\\/signhild-joensen-ssf\\\/#primaryimage\"},\"thumbnailUrl\":\"https:\\\/\\\/d21ockg4ri0hhk.cloudfront.net\\\/wp-content\\\/uploads\\\/2022\\\/02\\\/30192000\\\/2022-02-28-Signhild_SSF-1.png\",\"datePublished\":\"2022-02-28T09:36:47+00:00\",\"dateModified\":\"2022-02-28T09:58:35+00:00\",\"breadcrumb\":{\"@id\":\"https:\\\/\\\/isf.fo\\\/bygnadur\\\/nevndir\\\/idkaranevnd\\\/signhild-joensen-ssf\\\/#breadcrumb\"},\"inLanguage\":\"en-US\",\"potentialAction\":[{\"@type\":\"ReadAction\",\"target\":[\"https:\\\/\\\/isf.fo\\\/bygnadur\\\/nevndir\\\/idkaranevnd\\\/signhild-joensen-ssf\\\/\"]}]},{\"@type\":\"ImageObject\",\"inLanguage\":\"en-US\",\"@id\":\"https:\\\/\\\/isf.fo\\\/bygnadur\\\/nevndir\\\/idkaranevnd\\\/signhild-joensen-ssf\\\/#primaryimage\",\"url\":\"https:\\\/\\\/d21ockg4ri0hhk.cloudfront.net\\\/wp-content\\\/uploads\\\/2022\\\/02\\\/30192000\\\/2022-02-28-Signhild_SSF-1.png\",\"contentUrl\":\"https:\\\/\\\/d21ockg4ri0hhk.cloudfront.net\\\/wp-content\\\/uploads\\\/2022\\\/02\\\/30192000\\\/2022-02-28-Signhild_SSF-1.png\",\"width\":1015,\"height\":623},{\"@type\":\"BreadcrumbList\",\"@id\":\"https:\\\/\\\/isf.fo\\\/bygnadur\\\/nevndir\\\/idkaranevnd\\\/signhild-joensen-ssf\\\/#breadcrumb\",\"itemListElement\":[{\"@type\":\"ListItem\",\"position\":1,\"name\":\"Home\",\"item\":\"https:\\\/\\\/isf.fo\\\/\"},{\"@type\":\"ListItem\",\"position\":2,\"name\":\"Bygna\u00f0ur\",\"item\":\"https:\\\/\\\/isf.fo\\\/bygnadur\\\/\"},{\"@type\":\"ListItem\",\"position\":3,\"name\":\"Nevndir\",\"item\":\"https:\\\/\\\/isf.fo\\\/bygnadur\\\/nevndir\\\/\"},{\"@type\":\"ListItem\",\"position\":4,\"name\":\"Private: Val til \u00cd\u00f0karanevndina\",\"item\":\"https:\\\/\\\/isf.fo\\\/?page_id=9700\"},{\"@type\":\"ListItem\",\"position\":5,\"name\":\"Signhild Joensen, SSF\"}]},{\"@type\":\"WebSite\",\"@id\":\"https:\\\/\\\/isf.fo\\\/#website\",\"url\":\"https:\\\/\\\/isf.fo\\\/\",\"name\":\"\u00cdtr\u00f3ttasamband F\u00f8roya\",\"description\":\"\",\"publisher\":{\"@id\":\"https:\\\/\\\/isf.fo\\\/#organization\"},\"potentialAction\":[{\"@type\":\"SearchAction\",\"target\":{\"@type\":\"EntryPoint\",\"urlTemplate\":\"https:\\\/\\\/isf.fo\\\/?s={search_term_string}\"},\"query-input\":{\"@type\":\"PropertyValueSpecification\",\"valueRequired\":true,\"valueName\":\"search_term_string\"}}],\"inLanguage\":\"en-US\"},{\"@type\":\"Organization\",\"@id\":\"https:\\\/\\\/isf.fo\\\/#organization\",\"name\":\"\u00cdtr\u00f3ttasamband F\u00f8roya\",\"url\":\"https:\\\/\\\/isf.fo\\\/\",\"logo\":{\"@type\":\"ImageObject\",\"inLanguage\":\"en-US\",\"@id\":\"https:\\\/\\\/isf.fo\\\/#\\\/schema\\\/logo\\\/image\\\/\",\"url\":\"https:\\\/\\\/isf.fo\\\/wp-content\\\/uploads\\\/2025\\\/06\\\/ISF_Olympic-Committee-logo.png\",\"contentUrl\":\"https:\\\/\\\/isf.fo\\\/wp-content\\\/uploads\\\/2025\\\/06\\\/ISF_Olympic-Committee-logo.png\",\"width\":618,\"height\":121,\"caption\":\"\u00cdtr\u00f3ttasamband F\u00f8roya\"},\"image\":{\"@id\":\"https:\\\/\\\/isf.fo\\\/#\\\/schema\\\/logo\\\/image\\\/\"},\"sameAs\":[\"https:\\\/\\\/www.facebook.com\\\/itrottasambandid\"]}]}<\/script>\n<!-- \/ Yoast SEO plugin. -->","yoast_head_json":{"title":"Signhild Joensen, SSF - \u00cdtr\u00f3ttasamband F\u00f8roya","robots":{"index":"index","follow":"follow","max-snippet":"max-snippet:-1","max-image-preview":"max-image-preview:large","max-video-preview":"max-video-preview:-1"},"canonical":"https:\/\/isf.fo\/en\/bygnadur\/nevndir\/idkaranevnd\/signhild-joensen-ssf\/","og_locale":"en_US","og_type":"article","og_title":"Signhild Joensen, SSF - \u00cdtr\u00f3ttasamband F\u00f8roya","og_description":"www.instagram.com\/signhildjoensen\/","og_url":"https:\/\/isf.fo\/en\/bygnadur\/nevndir\/idkaranevnd\/signhild-joensen-ssf\/","og_site_name":"\u00cdtr\u00f3ttasamband F\u00f8roya","article_publisher":"https:\/\/www.facebook.com\/itrottasambandid","article_modified_time":"2022-02-28T09:58:35+00:00","og_image":[{"width":1015,"height":623,"url":"https:\/\/d21ockg4ri0hhk.cloudfront.net\/wp-content\/uploads\/2022\/02\/30192000\/2022-02-28-Signhild_SSF-1.png","type":"image\/png"}],"twitter_card":"summary_large_image","schema":{"@context":"https:\/\/schema.org","@graph":[{"@type":"WebPage","@id":"https:\/\/isf.fo\/bygnadur\/nevndir\/idkaranevnd\/signhild-joensen-ssf\/","url":"https:\/\/isf.fo\/bygnadur\/nevndir\/idkaranevnd\/signhild-joensen-ssf\/","name":"Signhild Joensen, SSF - \u00cdtr\u00f3ttasamband F\u00f8roya","isPartOf":{"@id":"https:\/\/isf.fo\/#website"},"primaryImageOfPage":{"@id":"https:\/\/isf.fo\/bygnadur\/nevndir\/idkaranevnd\/signhild-joensen-ssf\/#primaryimage"},"image":{"@id":"https:\/\/isf.fo\/bygnadur\/nevndir\/idkaranevnd\/signhild-joensen-ssf\/#primaryimage"},"thumbnailUrl":"https:\/\/d21ockg4ri0hhk.cloudfront.net\/wp-content\/uploads\/2022\/02\/30192000\/2022-02-28-Signhild_SSF-1.png","datePublished":"2022-02-28T09:36:47+00:00","dateModified":"2022-02-28T09:58:35+00:00","breadcrumb":{"@id":"https:\/\/isf.fo\/bygnadur\/nevndir\/idkaranevnd\/signhild-joensen-ssf\/#breadcrumb"},"inLanguage":"en-US","potentialAction":[{"@type":"ReadAction","target":["https:\/\/isf.fo\/bygnadur\/nevndir\/idkaranevnd\/signhild-joensen-ssf\/"]}]},{"@type":"ImageObject","inLanguage":"en-US","@id":"https:\/\/isf.fo\/bygnadur\/nevndir\/idkaranevnd\/signhild-joensen-ssf\/#primaryimage","url":"https:\/\/d21ockg4ri0hhk.cloudfront.net\/wp-content\/uploads\/2022\/02\/30192000\/2022-02-28-Signhild_SSF-1.png","contentUrl":"https:\/\/d21ockg4ri0hhk.cloudfront.net\/wp-content\/uploads\/2022\/02\/30192000\/2022-02-28-Signhild_SSF-1.png","width":1015,"height":623},{"@type":"BreadcrumbList","@id":"https:\/\/isf.fo\/bygnadur\/nevndir\/idkaranevnd\/signhild-joensen-ssf\/#breadcrumb","itemListElement":[{"@type":"ListItem","position":1,"name":"Home","item":"https:\/\/isf.fo\/"},{"@type":"ListItem","position":2,"name":"Bygna\u00f0ur","item":"https:\/\/isf.fo\/bygnadur\/"},{"@type":"ListItem","position":3,"name":"Nevndir","item":"https:\/\/isf.fo\/bygnadur\/nevndir\/"},{"@type":"ListItem","position":4,"name":"Private: Val til \u00cd\u00f0karanevndina","item":"https:\/\/isf.fo\/?page_id=9700"},{"@type":"ListItem","position":5,"name":"Signhild Joensen, SSF"}]},{"@type":"WebSite","@id":"https:\/\/isf.fo\/#website","url":"https:\/\/isf.fo\/","name":"\u00cdtr\u00f3ttasamband F\u00f8roya","description":"","publisher":{"@id":"https:\/\/isf.fo\/#organization"},"potentialAction":[{"@type":"SearchAction","target":{"@type":"EntryPoint","urlTemplate":"https:\/\/isf.fo\/?s={search_term_string}"},"query-input":{"@type":"PropertyValueSpecification","valueRequired":true,"valueName":"search_term_string"}}],"inLanguage":"en-US"},{"@type":"Organization","@id":"https:\/\/isf.fo\/#organization","name":"\u00cdtr\u00f3ttasamband F\u00f8roya","url":"https:\/\/isf.fo\/","logo":{"@type":"ImageObject","inLanguage":"en-US","@id":"https:\/\/isf.fo\/#\/schema\/logo\/image\/","url":"https:\/\/isf.fo\/wp-content\/uploads\/2025\/06\/ISF_Olympic-Committee-logo.png","contentUrl":"https:\/\/isf.fo\/wp-content\/uploads\/2025\/06\/ISF_Olympic-Committee-logo.png","width":618,"height":121,"caption":"\u00cdtr\u00f3ttasamband F\u00f8roya"},"image":{"@id":"https:\/\/isf.fo\/#\/schema\/logo\/image\/"},"sameAs":["https:\/\/www.facebook.com\/itrottasambandid"]}]}},"_links":{"self":[{"href":"https:\/\/isf.fo\/en\/wp-json\/wp\/v2\/pages\/9734","targetHints":{"allow":["GET"]}}],"collection":[{"href":"https:\/\/isf.fo\/en\/wp-json\/wp\/v2\/pages"}],"about":[{"href":"https:\/\/isf.fo\/en\/wp-json\/wp\/v2\/types\/page"}],"author":[{"embeddable":true,"href":"https:\/\/isf.fo\/en\/wp-json\/wp\/v2\/users\/7"}],"replies":[{"embeddable":true,"href":"https:\/\/isf.fo\/en\/wp-json\/wp\/v2\/comments?post=9734"}],"version-history":[{"count":4,"href":"https:\/\/isf.fo\/en\/wp-json\/wp\/v2\/pages\/9734\/revisions"}],"predecessor-version":[{"id":9742,"href":"https:\/\/isf.fo\/en\/wp-json\/wp\/v2\/pages\/9734\/revisions\/9742"}],"up":[{"embeddable":true,"href":"https:\/\/isf.fo\/en\/wp-json\/wp\/v2\/pages\/9700"}],"wp:featuredmedia":[{"embeddable":true,"href":"https:\/\/isf.fo\/en\/wp-json\/wp\/v2\/media\/9740"}],"wp:attachment":[{"href":"https:\/\/isf.fo\/en\/wp-json\/wp\/v2\/media?parent=9734"}],"curies":[{"name":"wp","href":"https:\/\/api.w.org\/{rel}","templated":true}]}}