{"id":9936,"date":"2022-05-22T00:53:47","date_gmt":"2022-05-22T00:53:47","guid":{"rendered":"https:\/\/isf.fo\/?page_id=9936"},"modified":"2025-06-12T07:27:05","modified_gmt":"2025-06-12T07:27:05","slug":"i-felag-fram-imoti-felags-malum","status":"publish","type":"page","link":"https:\/\/isf.fo\/en\/i-felag-fram-imoti-felags-malum\/","title":{"rendered":"Together towards common goals"},"content":{"rendered":"<h2 class=\"wp-block-heading\"><strong><em>&#8220;\u00cd felag fram \u00edm\u00f3ti felags m\u00e1lum&#8221; <\/em><\/strong><\/h2>\n\n\n\n<p>Ta\u00f0 er \u00ed stuttum grundhugsanin handan n\u00fdggju strategiina, sum starvsnevndin \u00ed \u00cdSF og sambondini seinastu t\u00ed\u00f0ina hava arbeitt vi\u00f0. <\/p>\n\n\n\n<p>N\u00fa k\u00f3sin er sett, skal st\u00f3ri h\u00f3purin, sum er virkin \u00ed f\u00f8royskum \u00edtr\u00f3tti, arbei\u00f0a fram \u00edm\u00f3ti f\u00fdra \u00edt\u00f8kiligum felagsm\u00e1lum:<\/p>\n\n\n\n<ul class=\"wp-block-list\">\n<li>\u00d8ll skulu vi\u00f0<\/li>\n\n\n\n<li>Fj\u00e1lga um sj\u00e1lvbo\u00f0in<\/li>\n\n\n\n<li>\u00cdtr\u00f3ttagle\u00f0i fyrst og fremst<\/li>\n\n\n\n<li>Styrkja \u00farvalsumhv\u00f8rvini<\/li>\n<\/ul>\n\n\n\n<p><\/p>\n\n\n\n<blockquote class=\"wp-block-quote is-layout-flow wp-block-quote-is-layout-flow\">\n<p>Vit vita, at hetta eru frams\u00f8kin m\u00e1l, i\u00f0 fara at krevja naka\u00f0 av okkum \u00f8llum. Alt fr\u00e1 f\u00edgging og k\u00f8rmum til hugbur\u00f0 og dagliga ra\u00f0festingar. Men vit eru sannf\u00f8rd um, at hetta er besti vegurin at fara. T\u00edskil eru vit eisini bjartskygd, og vit gle\u00f0a okkum at fr\u00e6tta, hvussu f\u00f3lk og fel\u00f8g kring landi\u00f0 fara at arbei\u00f0a fram \u00edm\u00f3ti m\u00e1lunum \u00ed felag&#8221;, <\/p>\n<cite>Elin H. Joensen, forseti hj\u00e1 \u00cdSF.<\/cite><\/blockquote>\n\n\n\n<p><\/p>\n\n\n\n<p>Hetta er fyrsta strategiska stigi\u00f0 fram \u00edm\u00f3ti at styrkja f\u00f8royska \u00edtr\u00f3ttafelagsskapin og skapa \u00edtr\u00f3tt fyri \u00f8ll &#8211; alt l\u00edvi\u00f0.<\/p>\n\n\n\n<p>Les n\u00f3gv meira um strategisku m\u00e1lini fyri f\u00f8royskan \u00edtr\u00f3tt og um n\u00fdtt tilm\u00e6li fr\u00e1 \u00cdSF um, hvussu vi\u00f0 eiga at arbei\u00f0a vi\u00f0 b\u00f8rnunum, breiddini og teimum bestu.<\/p>\n\n\n\n<p>Tak faldaran ni\u00f0ur <a href=\"https:\/\/isf.fo\/wp-content\/uploads\/2025\/06\/2022-19-05-Strategi-faldari-isf-2022-einkultsidur.pdf\"><strong>her<\/strong><\/a><\/p>\n\n\n\n<p><\/p>","protected":false},"excerpt":{"rendered":"<p>&#8220;\u00cd felag fram \u00edm\u00f3ti felags m\u00e1lum&#8221; Ta\u00f0 er \u00ed stuttum grundhugsanin handan n\u00fdggju strategiina, sum starvsnevndin \u00ed \u00cdSF og sambondini [&hellip;]<\/p>\n","protected":false},"author":7,"featured_media":12626,"parent":0,"menu_order":8,"comment_status":"closed","ping_status":"closed","template":"","meta":{"_acf_changed":false,"_relevanssi_hide_post":"","_relevanssi_hide_content":"","_relevanssi_pin_for_all":"","_relevanssi_pin_keywords":"","_relevanssi_unpin_keywords":"","_relevanssi_related_keywords":"","_relevanssi_related_include_ids":"","_relevanssi_related_exclude_ids":"","_relevanssi_related_no_append":"","_relevanssi_related_not_related":"","_relevanssi_related_posts":"","_relevanssi_noindex_reason":"","inline_featured_image":false,"footnotes":""},"class_list":["post-9936","page","type-page","status-publish","has-post-thumbnail","hentry"],"acf":[],"yoast_head":"<!-- This site is optimized with the Yoast SEO plugin v27.5 - https:\/\/yoast.com\/product\/yoast-seo-wordpress\/ -->\n<title>\u00cd felag fram \u00edm\u00f3ti felags m\u00e1lum - \u00cdtr\u00f3ttasamband F\u00f8roya<\/title>\n<meta name=\"robots\" content=\"index, follow, max-snippet:-1, max-image-preview:large, max-video-preview:-1\" \/>\n<link rel=\"canonical\" href=\"https:\/\/isf.fo\/en\/i-felag-fram-imoti-felags-malum\/\" \/>\n<meta property=\"og:locale\" content=\"en_US\" \/>\n<meta property=\"og:type\" content=\"article\" \/>\n<meta property=\"og:title\" content=\"\u00cd felag fram \u00edm\u00f3ti felags m\u00e1lum - \u00cdtr\u00f3ttasamband F\u00f8roya\" \/>\n<meta property=\"og:description\" content=\"&#8220;\u00cd felag fram \u00edm\u00f3ti felags m\u00e1lum&#8221; Ta\u00f0 er \u00ed stuttum grundhugsanin handan n\u00fdggju strategiina, sum starvsnevndin \u00ed \u00cdSF og sambondini [&hellip;]\" \/>\n<meta property=\"og:url\" content=\"https:\/\/isf.fo\/en\/i-felag-fram-imoti-felags-malum\/\" \/>\n<meta property=\"og:site_name\" content=\"\u00cdtr\u00f3ttasamband F\u00f8roya\" \/>\n<meta property=\"article:publisher\" content=\"https:\/\/www.facebook.com\/itrottasambandid\" \/>\n<meta property=\"article:modified_time\" content=\"2025-06-12T07:27:05+00:00\" \/>\n<meta property=\"og:image\" content=\"https:\/\/isf.fo\/wp-content\/uploads\/2025\/06\/Mynd_til_heimasiduna.png\" \/>\n\t<meta property=\"og:image:width\" content=\"1067\" \/>\n\t<meta property=\"og:image:height\" content=\"742\" \/>\n\t<meta property=\"og:image:type\" content=\"image\/png\" \/>\n<meta name=\"twitter:card\" content=\"summary_large_image\" \/>\n<meta name=\"twitter:label1\" content=\"Est. reading time\" \/>\n\t<meta name=\"twitter:data1\" content=\"1 minute\" \/>\n<script type=\"application\/ld+json\" class=\"yoast-schema-graph\">{\"@context\":\"https:\\\/\\\/schema.org\",\"@graph\":[{\"@type\":\"WebPage\",\"@id\":\"https:\\\/\\\/isf.fo\\\/i-felag-fram-imoti-felags-malum\\\/\",\"url\":\"https:\\\/\\\/isf.fo\\\/i-felag-fram-imoti-felags-malum\\\/\",\"name\":\"\u00cd felag fram \u00edm\u00f3ti felags m\u00e1lum - \u00cdtr\u00f3ttasamband F\u00f8roya\",\"isPartOf\":{\"@id\":\"https:\\\/\\\/isf.fo\\\/#website\"},\"primaryImageOfPage\":{\"@id\":\"https:\\\/\\\/isf.fo\\\/i-felag-fram-imoti-felags-malum\\\/#primaryimage\"},\"image\":{\"@id\":\"https:\\\/\\\/isf.fo\\\/i-felag-fram-imoti-felags-malum\\\/#primaryimage\"},\"thumbnailUrl\":\"https:\\\/\\\/isf.fo\\\/wp-content\\\/uploads\\\/2025\\\/06\\\/Mynd_til_heimasiduna.png\",\"datePublished\":\"2022-05-22T00:53:47+00:00\",\"dateModified\":\"2025-06-12T07:27:05+00:00\",\"breadcrumb\":{\"@id\":\"https:\\\/\\\/isf.fo\\\/i-felag-fram-imoti-felags-malum\\\/#breadcrumb\"},\"inLanguage\":\"en-US\",\"potentialAction\":[{\"@type\":\"ReadAction\",\"target\":[\"https:\\\/\\\/isf.fo\\\/i-felag-fram-imoti-felags-malum\\\/\"]}]},{\"@type\":\"ImageObject\",\"inLanguage\":\"en-US\",\"@id\":\"https:\\\/\\\/isf.fo\\\/i-felag-fram-imoti-felags-malum\\\/#primaryimage\",\"url\":\"https:\\\/\\\/isf.fo\\\/wp-content\\\/uploads\\\/2025\\\/06\\\/Mynd_til_heimasiduna.png\",\"contentUrl\":\"https:\\\/\\\/isf.fo\\\/wp-content\\\/uploads\\\/2025\\\/06\\\/Mynd_til_heimasiduna.png\",\"width\":1067,\"height\":742},{\"@type\":\"BreadcrumbList\",\"@id\":\"https:\\\/\\\/isf.fo\\\/i-felag-fram-imoti-felags-malum\\\/#breadcrumb\",\"itemListElement\":[{\"@type\":\"ListItem\",\"position\":1,\"name\":\"Home\",\"item\":\"https:\\\/\\\/isf.fo\\\/\"},{\"@type\":\"ListItem\",\"position\":2,\"name\":\"\u00cd felag fram \u00edm\u00f3ti felags m\u00e1lum\"}]},{\"@type\":\"WebSite\",\"@id\":\"https:\\\/\\\/isf.fo\\\/#website\",\"url\":\"https:\\\/\\\/isf.fo\\\/\",\"name\":\"\u00cdtr\u00f3ttasamband F\u00f8roya\",\"description\":\"\",\"publisher\":{\"@id\":\"https:\\\/\\\/isf.fo\\\/#organization\"},\"potentialAction\":[{\"@type\":\"SearchAction\",\"target\":{\"@type\":\"EntryPoint\",\"urlTemplate\":\"https:\\\/\\\/isf.fo\\\/?s={search_term_string}\"},\"query-input\":{\"@type\":\"PropertyValueSpecification\",\"valueRequired\":true,\"valueName\":\"search_term_string\"}}],\"inLanguage\":\"en-US\"},{\"@type\":\"Organization\",\"@id\":\"https:\\\/\\\/isf.fo\\\/#organization\",\"name\":\"\u00cdtr\u00f3ttasamband F\u00f8roya\",\"url\":\"https:\\\/\\\/isf.fo\\\/\",\"logo\":{\"@type\":\"ImageObject\",\"inLanguage\":\"en-US\",\"@id\":\"https:\\\/\\\/isf.fo\\\/#\\\/schema\\\/logo\\\/image\\\/\",\"url\":\"https:\\\/\\\/isf.fo\\\/wp-content\\\/uploads\\\/2025\\\/06\\\/ISF_Olympic-Committee-logo.png\",\"contentUrl\":\"https:\\\/\\\/isf.fo\\\/wp-content\\\/uploads\\\/2025\\\/06\\\/ISF_Olympic-Committee-logo.png\",\"width\":618,\"height\":121,\"caption\":\"\u00cdtr\u00f3ttasamband F\u00f8roya\"},\"image\":{\"@id\":\"https:\\\/\\\/isf.fo\\\/#\\\/schema\\\/logo\\\/image\\\/\"},\"sameAs\":[\"https:\\\/\\\/www.facebook.com\\\/itrottasambandid\"]}]}<\/script>\n<!-- \/ Yoast SEO plugin. -->","yoast_head_json":{"title":"\u00cd felag fram \u00edm\u00f3ti felags m\u00e1lum - \u00cdtr\u00f3ttasamband F\u00f8roya","robots":{"index":"index","follow":"follow","max-snippet":"max-snippet:-1","max-image-preview":"max-image-preview:large","max-video-preview":"max-video-preview:-1"},"canonical":"https:\/\/isf.fo\/en\/i-felag-fram-imoti-felags-malum\/","og_locale":"en_US","og_type":"article","og_title":"\u00cd felag fram \u00edm\u00f3ti felags m\u00e1lum - \u00cdtr\u00f3ttasamband F\u00f8roya","og_description":"&#8220;\u00cd felag fram \u00edm\u00f3ti felags m\u00e1lum&#8221; Ta\u00f0 er \u00ed stuttum grundhugsanin handan n\u00fdggju strategiina, sum starvsnevndin \u00ed \u00cdSF og sambondini [&hellip;]","og_url":"https:\/\/isf.fo\/en\/i-felag-fram-imoti-felags-malum\/","og_site_name":"\u00cdtr\u00f3ttasamband F\u00f8roya","article_publisher":"https:\/\/www.facebook.com\/itrottasambandid","article_modified_time":"2025-06-12T07:27:05+00:00","og_image":[{"width":1067,"height":742,"url":"https:\/\/isf.fo\/wp-content\/uploads\/2025\/06\/Mynd_til_heimasiduna.png","type":"image\/png"}],"twitter_card":"summary_large_image","twitter_misc":{"Est. reading time":"1 minute"},"schema":{"@context":"https:\/\/schema.org","@graph":[{"@type":"WebPage","@id":"https:\/\/isf.fo\/i-felag-fram-imoti-felags-malum\/","url":"https:\/\/isf.fo\/i-felag-fram-imoti-felags-malum\/","name":"\u00cd felag fram \u00edm\u00f3ti felags m\u00e1lum - \u00cdtr\u00f3ttasamband F\u00f8roya","isPartOf":{"@id":"https:\/\/isf.fo\/#website"},"primaryImageOfPage":{"@id":"https:\/\/isf.fo\/i-felag-fram-imoti-felags-malum\/#primaryimage"},"image":{"@id":"https:\/\/isf.fo\/i-felag-fram-imoti-felags-malum\/#primaryimage"},"thumbnailUrl":"https:\/\/isf.fo\/wp-content\/uploads\/2025\/06\/Mynd_til_heimasiduna.png","datePublished":"2022-05-22T00:53:47+00:00","dateModified":"2025-06-12T07:27:05+00:00","breadcrumb":{"@id":"https:\/\/isf.fo\/i-felag-fram-imoti-felags-malum\/#breadcrumb"},"inLanguage":"en-US","potentialAction":[{"@type":"ReadAction","target":["https:\/\/isf.fo\/i-felag-fram-imoti-felags-malum\/"]}]},{"@type":"ImageObject","inLanguage":"en-US","@id":"https:\/\/isf.fo\/i-felag-fram-imoti-felags-malum\/#primaryimage","url":"https:\/\/isf.fo\/wp-content\/uploads\/2025\/06\/Mynd_til_heimasiduna.png","contentUrl":"https:\/\/isf.fo\/wp-content\/uploads\/2025\/06\/Mynd_til_heimasiduna.png","width":1067,"height":742},{"@type":"BreadcrumbList","@id":"https:\/\/isf.fo\/i-felag-fram-imoti-felags-malum\/#breadcrumb","itemListElement":[{"@type":"ListItem","position":1,"name":"Home","item":"https:\/\/isf.fo\/"},{"@type":"ListItem","position":2,"name":"\u00cd felag fram \u00edm\u00f3ti felags m\u00e1lum"}]},{"@type":"WebSite","@id":"https:\/\/isf.fo\/#website","url":"https:\/\/isf.fo\/","name":"\u00cdtr\u00f3ttasamband F\u00f8roya","description":"","publisher":{"@id":"https:\/\/isf.fo\/#organization"},"potentialAction":[{"@type":"SearchAction","target":{"@type":"EntryPoint","urlTemplate":"https:\/\/isf.fo\/?s={search_term_string}"},"query-input":{"@type":"PropertyValueSpecification","valueRequired":true,"valueName":"search_term_string"}}],"inLanguage":"en-US"},{"@type":"Organization","@id":"https:\/\/isf.fo\/#organization","name":"\u00cdtr\u00f3ttasamband F\u00f8roya","url":"https:\/\/isf.fo\/","logo":{"@type":"ImageObject","inLanguage":"en-US","@id":"https:\/\/isf.fo\/#\/schema\/logo\/image\/","url":"https:\/\/isf.fo\/wp-content\/uploads\/2025\/06\/ISF_Olympic-Committee-logo.png","contentUrl":"https:\/\/isf.fo\/wp-content\/uploads\/2025\/06\/ISF_Olympic-Committee-logo.png","width":618,"height":121,"caption":"\u00cdtr\u00f3ttasamband F\u00f8roya"},"image":{"@id":"https:\/\/isf.fo\/#\/schema\/logo\/image\/"},"sameAs":["https:\/\/www.facebook.com\/itrottasambandid"]}]}},"_links":{"self":[{"href":"https:\/\/isf.fo\/en\/wp-json\/wp\/v2\/pages\/9936","targetHints":{"allow":["GET"]}}],"collection":[{"href":"https:\/\/isf.fo\/en\/wp-json\/wp\/v2\/pages"}],"about":[{"href":"https:\/\/isf.fo\/en\/wp-json\/wp\/v2\/types\/page"}],"author":[{"embeddable":true,"href":"https:\/\/isf.fo\/en\/wp-json\/wp\/v2\/users\/7"}],"replies":[{"embeddable":true,"href":"https:\/\/isf.fo\/en\/wp-json\/wp\/v2\/comments?post=9936"}],"version-history":[{"count":10,"href":"https:\/\/isf.fo\/en\/wp-json\/wp\/v2\/pages\/9936\/revisions"}],"predecessor-version":[{"id":12625,"href":"https:\/\/isf.fo\/en\/wp-json\/wp\/v2\/pages\/9936\/revisions\/12625"}],"wp:featuredmedia":[{"embeddable":true,"href":"https:\/\/isf.fo\/en\/wp-json\/wp\/v2\/media\/12626"}],"wp:attachment":[{"href":"https:\/\/isf.fo\/en\/wp-json\/wp\/v2\/media?parent=9936"}],"curies":[{"name":"wp","href":"https:\/\/api.w.org\/{rel}","templated":true}]}}